{"id":21500,"date":"2015-01-29T15:18:12","date_gmt":"2015-01-29T14:18:12","guid":{"rendered":"http:\/\/debrad.sk\/onkormanyzat-2\/"},"modified":"2019-12-03T19:43:41","modified_gmt":"2019-12-03T18:43:41","slug":"structure-of-the-local-authority","status":"publish","type":"page","link":"https:\/\/debrad.sk\/en\/structure-of-the-local-authority\/","title":{"rendered":"Structure of the Local Authority"},"content":{"rendered":"<ul class='gdl-accordion'>\n<li class=\"active\">\n<h2 class='accordion-title'><span class='accordion-icon'><\/span>Mayor<\/h2>\n<div class='accordion-content'><strong>Mgr. Adriana Papp<\/strong><\/div>\n<\/li>\n<li >\n<h2 class='accordion-title'><span class='accordion-icon'><\/span>Deputy Mayor<\/h2>\n<div class='accordion-content'><strong>Roland \u0160omody<\/strong><\/div>\n<\/li>\n<li >\n<h2 class='accordion-title'><span class='accordion-icon'><\/span>Members of Local Government<\/h2>\n<div class='accordion-content'>\n<div>Kov\u00e1\u010dov\u00e1 Val\u00e9ria<\/div>\n<div>Szeles Michal<\/div>\n<div>Szeles Radoslav<\/div>\n<div>Szepesi Peter<\/div>\n<\/div>\n<\/li>\n<li >\n<h2 class='accordion-title'><span class='accordion-icon'><\/span>Opening hours<\/h2>\n<div class='accordion-content'>\n<table border=\"0\" cellspacing=\"1\" cellpadding=\"1\">\n<tbody>\n<tr>\n<td class=\"text\">Monday:<\/td>\n<td class=\"text\"><strong>8:00 \u2013 16:00<\/strong><\/td>\n<\/tr>\n<tr>\n<td class=\"text\">Tuesday:<\/td>\n<td class=\"text\"><strong>8:00 \u2013 14:00<\/strong><\/td>\n<\/tr>\n<tr>\n<td class=\"text\">Wednesday:<\/td>\n<td class=\"text\"><strong>8:00 \u2013 17:00<\/strong><\/td>\n<\/tr>\n<tr>\n<td class=\"text\">Thursday:<\/td>\n<td class=\"text\"><strong>nincs \u00fcgyf\u00e9l fogad\u00e1s<\/strong><\/td>\n<\/tr>\n<tr>\n<td class=\"text\">Friday:<\/td>\n<td class=\"text\"><strong>8:00 \u2013 12:00<\/strong><\/td>\n<\/tr>\n<\/tbody>\n<\/table>\n<\/div>\n<\/li>\n<\/ul>\n","protected":false},"excerpt":{"rendered":"","protected":false},"author":1,"featured_media":0,"parent":0,"menu_order":0,"comment_status":"open","ping_status":"closed","template":"","meta":{"footnotes":""},"acf":[],"_links":{"self":[{"href":"https:\/\/debrad.sk\/en\/wp-json\/wp\/v2\/pages\/21500"}],"collection":[{"href":"https:\/\/debrad.sk\/en\/wp-json\/wp\/v2\/pages"}],"about":[{"href":"https:\/\/debrad.sk\/en\/wp-json\/wp\/v2\/types\/page"}],"author":[{"embeddable":true,"href":"https:\/\/debrad.sk\/en\/wp-json\/wp\/v2\/users\/1"}],"replies":[{"embeddable":true,"href":"https:\/\/debrad.sk\/en\/wp-json\/wp\/v2\/comments?post=21500"}],"version-history":[{"count":0,"href":"https:\/\/debrad.sk\/en\/wp-json\/wp\/v2\/pages\/21500\/revisions"}],"wp:attachment":[{"href":"https:\/\/debrad.sk\/en\/wp-json\/wp\/v2\/media?parent=21500"}],"curies":[{"name":"wp","href":"https:\/\/api.w.org\/{rel}","templated":true}]}}