{"id":21313,"date":"2015-01-29T15:17:46","date_gmt":"2015-01-29T14:17:46","guid":{"rendered":"http:\/\/debrad.sk\/?page_id=21313"},"modified":"2015-02-12T11:36:03","modified_gmt":"2015-02-12T10:36:03","slug":"alapadatok","status":"publish","type":"page","link":"https:\/\/debrad.sk\/hu\/alapadatok\/","title":{"rendered":"Alapadatok"},"content":{"rendered":"<p><strong>A k\u00f6zs\u00e9g fekv\u00e9se<\/strong><\/p>\n<p style=\"padding-left: 30px;\">\u00e9. sz. 48\u00b0 39\u2032 13\u2019\u2019, k. h. 20\u00b0 58\u2032 32\u2019\u2019<\/p>\n<div style=\"padding-left: 30px;\" align=\"justify\">Kass\u00e1t\u00f3l 27 km-re d\u00e9lnyugatra, a Szepes-G\u00f6m\u00f6ri \u00c9rchegys\u00e9g d\u00e9lkeleti r\u00e9sz\u00e9ben, J\u00e1sz\u00f3 \u00e9s Szepsi k\u00f6z\u00f6tt, a B\u00f3dva foly\u00f3 jobb partj\u00e1n, erd\u0151kt\u0151l k\u00f6r\u00fclz\u00e1rt fenns\u00edkon, 265 m tengerszint feletti magass\u00e1gban, a Kassai ker\u00fcleten bel\u00fcl a Kassa-vid\u00e9ki j\u00e1r\u00e1shoz tartoz\u00f3an.<\/div>\n<p><strong>Id\u0151z\u00f3na<\/strong><\/p>\n<p style=\"padding-left: 30px;\">CET, UTC+1<\/p>\n<p><strong>A k\u00f6zs\u00e9g ter\u00fclete<\/strong><\/p>\n<p style=\"padding-left: 30px;\">23,79 km\u00b2<\/p>\n<p><strong>N\u00e9ps\u0171r\u0171s\u00e9g<\/strong><\/p>\n<p style=\"padding-left: 30px;\">16 f\u0151\/km\u00b2<\/p>\n<p><strong>A lakoss\u00e1g l\u00e9tsz\u00e1ma<\/strong><\/p>\n<p style=\"padding-left: 30px;\">2001-b\u0151l sz\u00e1rmaz\u00f3 adatok<\/p>\n<p>391 lakos, melyb\u0151l 270 magyar nemzetis\u00e9g\u0171nek, 117 szlov\u00e1k nemzetis\u00e9g\u0171nek vallotta mag\u00e1t.<\/p>\n<p><strong>A k\u00f6zs\u00e9g polg\u00e1rmestere<\/strong><\/p>\n<p style=\"padding-left: 30px;\">Mgr. Papp Adrianna<\/p>\n","protected":false},"excerpt":{"rendered":"<p>A k\u00f6zs\u00e9g fekv\u00e9se \u00e9. sz. 48\u00b0 39\u2032 13\u2019\u2019, k. h. 20\u00b0 58\u2032 32\u2019\u2019 Kass\u00e1t\u00f3l 27 km-re d\u00e9lnyugatra, a Szepes-G\u00f6m\u00f6ri \u00c9rchegys\u00e9g d\u00e9lkeleti r\u00e9sz\u00e9ben, J\u00e1sz\u00f3 \u00e9s Szepsi k\u00f6z\u00f6tt, a B\u00f3dva foly\u00f3 jobb partj\u00e1n, erd\u0151kt\u0151l k\u00f6r\u00fclz\u00e1rt fenns\u00edkon, 265 m tengerszint feletti magass\u00e1gban, a Kassai ker\u00fcleten bel\u00fcl a Kassa-vid\u00e9ki j\u00e1r\u00e1shoz tartoz\u00f3an. Id\u0151z\u00f3na CET, UTC+1 A k\u00f6zs\u00e9g ter\u00fclete 23,79 km\u00b2 N\u00e9ps\u0171r\u0171s\u00e9g 16 f\u0151\/km\u00b2 A lakoss\u00e1g l\u00e9tsz\u00e1ma 2001-b\u0151l sz\u00e1rmaz\u00f3 adatok 391 lakos, melyb\u0151l 270 magyar nemzetis\u00e9g\u0171nek, 117 szlov\u00e1k nemzetis\u00e9g\u0171nek vallotta mag\u00e1t. A k\u00f6zs\u00e9g polg\u00e1rmestere Mgr. Papp Adrianna<\/p>\n","protected":false},"author":1,"featured_media":0,"parent":0,"menu_order":0,"comment_status":"open","ping_status":"closed","template":"","meta":{"footnotes":""},"acf":[],"_links":{"self":[{"href":"https:\/\/debrad.sk\/hu\/wp-json\/wp\/v2\/pages\/21313"}],"collection":[{"href":"https:\/\/debrad.sk\/hu\/wp-json\/wp\/v2\/pages"}],"about":[{"href":"https:\/\/debrad.sk\/hu\/wp-json\/wp\/v2\/types\/page"}],"author":[{"embeddable":true,"href":"https:\/\/debrad.sk\/hu\/wp-json\/wp\/v2\/users\/1"}],"replies":[{"embeddable":true,"href":"https:\/\/debrad.sk\/hu\/wp-json\/wp\/v2\/comments?post=21313"}],"version-history":[{"count":0,"href":"https:\/\/debrad.sk\/hu\/wp-json\/wp\/v2\/pages\/21313\/revisions"}],"wp:attachment":[{"href":"https:\/\/debrad.sk\/hu\/wp-json\/wp\/v2\/media?parent=21313"}],"curies":[{"name":"wp","href":"https:\/\/api.w.org\/{rel}","templated":true}]}}