{"id":21314,"date":"2015-01-29T15:18:12","date_gmt":"2015-01-29T14:18:12","guid":{"rendered":"http:\/\/debrad.sk\/?page_id=21314"},"modified":"2024-06-03T12:50:08","modified_gmt":"2024-06-03T10:50:08","slug":"onkormanyzat","status":"publish","type":"page","link":"https:\/\/debrad.sk\/hu\/onkormanyzat\/","title":{"rendered":"\u00d6nkorm\u00e1nyzat"},"content":{"rendered":"<ul class='gdl-accordion'>\n<li class=\"active\">\n<h2 class='accordion-title'><span class='accordion-icon'><\/span>Polg\u00e1rmester<\/h2>\n<div class='accordion-content'><strong>Mgr. Gergely Papp Adrianna<\/strong><\/div>\n<\/li>\n<li >\n<h2 class='accordion-title'><span class='accordion-icon'><\/span>Alpolg\u00e1rmester<\/h2>\n<div class='accordion-content'><strong>Peter Szepesi<\/strong><\/div>\n<\/li>\n<li >\n<h2 class='accordion-title'><span class='accordion-icon'><\/span>K\u00e9pvisel\u0151k<\/h2>\n<div class='accordion-content'>\n<div>\n<div>Val\u00e9ria Kov\u00e1\u010dov\u00e1<\/div>\n<div>Helena \u010cabalov\u00e1<\/div>\n<div>Ladislav Drozd<\/div>\n<div>Michal szeles<\/div>\n<\/div>\n<\/div>\n<\/li>\n<li >\n<h2 class='accordion-title'><span class='accordion-icon'><\/span>Fogad\u00f3\u00f3r\u00e1k<\/h2>\n<div class='accordion-content'>\n<table border=\"0\" cellspacing=\"1\" cellpadding=\"1\">\n<tbody>\n<tr>\n<td class=\"text\">H\u00e9tf\u0151:<\/td>\n<td class=\"text\"><strong>8:00 \u2013 16:00<\/strong><\/td>\n<\/tr>\n<tr>\n<td class=\"text\">Kedd:<\/td>\n<td class=\"text\"><strong>8:00 \u2013 14:00<\/strong><\/td>\n<\/tr>\n<tr>\n<td class=\"text\">Szerda:<\/td>\n<td class=\"text\"><strong>8:00 \u2013 17:00<\/strong><\/td>\n<\/tr>\n<tr>\n<td class=\"text\">Cs\u00fct\u00f6rt\u00f6k:<\/td>\n<td class=\"text\"><strong>nincs \u00fcgyf\u00e9l fogad\u00e1s<\/strong><\/td>\n<\/tr>\n<tr>\n<td class=\"text\">P\u00e9ntek:<\/td>\n<td class=\"text\"><strong>8:00 \u2013 12:00<\/strong><\/td>\n<\/tr>\n<\/tbody>\n<\/table>\n<\/div>\n<\/li>\n<\/ul>\n","protected":false},"excerpt":{"rendered":"","protected":false},"author":1,"featured_media":0,"parent":0,"menu_order":0,"comment_status":"open","ping_status":"closed","template":"","meta":{"footnotes":""},"acf":[],"_links":{"self":[{"href":"https:\/\/debrad.sk\/hu\/wp-json\/wp\/v2\/pages\/21314"}],"collection":[{"href":"https:\/\/debrad.sk\/hu\/wp-json\/wp\/v2\/pages"}],"about":[{"href":"https:\/\/debrad.sk\/hu\/wp-json\/wp\/v2\/types\/page"}],"author":[{"embeddable":true,"href":"https:\/\/debrad.sk\/hu\/wp-json\/wp\/v2\/users\/1"}],"replies":[{"embeddable":true,"href":"https:\/\/debrad.sk\/hu\/wp-json\/wp\/v2\/comments?post=21314"}],"version-history":[{"count":1,"href":"https:\/\/debrad.sk\/hu\/wp-json\/wp\/v2\/pages\/21314\/revisions"}],"predecessor-version":[{"id":25424,"href":"https:\/\/debrad.sk\/hu\/wp-json\/wp\/v2\/pages\/21314\/revisions\/25424"}],"wp:attachment":[{"href":"https:\/\/debrad.sk\/hu\/wp-json\/wp\/v2\/media?parent=21314"}],"curies":[{"name":"wp","href":"https:\/\/api.w.org\/{rel}","templated":true}]}}