{"id":21315,"date":"2015-01-29T15:19:02","date_gmt":"2015-01-29T14:19:02","guid":{"rendered":"http:\/\/debrad.sk\/?page_id=21315"},"modified":"2015-01-29T15:19:57","modified_gmt":"2015-01-29T14:19:57","slug":"a-kozseg-nevenek-az-eredete","status":"publish","type":"page","link":"https:\/\/debrad.sk\/hu\/a-kozseg-nevenek-az-eredete\/","title":{"rendered":"A k\u00f6zs\u00e9g nev\u00e9nek az eredete"},"content":{"rendered":"<p>A telep\u00fcl\u00e9s neve bels\u0151, magyar n\u00e9vad\u00e1ssal keletkezett a \u201esz\u00e9les, kiter\u00fclt, lapos fenek\u0171 v\u00f6lgy\u201c \u00e9rtelm\u0171 debr\u0151 f\u0151n\u00e9v \u201egy\u201c helyn\u00e9vk\u00e9pz\u0151s sz\u00e1rmaz\u00e9k\u00e1b\u00f3l. Az alapj\u00e1ul szolg\u00e1l\u00f3 f\u0151n\u00e9v el\u0151zm\u00e9nye a szl\u00e1v debra \u201e\u00fcreg; v\u00edzmos\u00e1sos m\u00e9lys\u00e9g\u201c lehetett. Az els\u0151dleges Debregy, Debr\u0151gy alakb\u00f3l a k\u00e9s\u0151bbi- mai Debr\u0151d\u00a0k\u00e9pz\u0151cser\u00e9vel j\u00f6tt l\u00e9tre. A m\u00e1sodik vil\u00e1gh\u00e1bor\u00fa ut\u00e1n a k\u00f6zs\u00e9g hivatalos szlov\u00e1k elnevez\u00e9se Debra\u010f lett.<\/p>\n","protected":false},"excerpt":{"rendered":"<p>A telep\u00fcl\u00e9s neve bels\u0151, magyar n\u00e9vad\u00e1ssal keletkezett a \u201esz\u00e9les, kiter\u00fclt, lapos fenek\u0171 v\u00f6lgy\u201c \u00e9rtelm\u0171 debr\u0151 f\u0151n\u00e9v \u201egy\u201c helyn\u00e9vk\u00e9pz\u0151s sz\u00e1rmaz\u00e9k\u00e1b\u00f3l. Az alapj\u00e1ul szolg\u00e1l\u00f3 f\u0151n\u00e9v el\u0151zm\u00e9nye a szl\u00e1v debra \u201e\u00fcreg; v\u00edzmos\u00e1sos m\u00e9lys\u00e9g\u201c lehetett. Az els\u0151dleges Debregy, Debr\u0151gy alakb\u00f3l a k\u00e9s\u0151bbi- mai Debr\u0151d\u00a0k\u00e9pz\u0151cser\u00e9vel j\u00f6tt l\u00e9tre. A m\u00e1sodik vil\u00e1gh\u00e1bor\u00fa ut\u00e1n a k\u00f6zs\u00e9g hivatalos szlov\u00e1k elnevez\u00e9se Debra\u010f lett.<\/p>\n","protected":false},"author":1,"featured_media":0,"parent":0,"menu_order":0,"comment_status":"open","ping_status":"closed","template":"","meta":{"footnotes":""},"acf":[],"_links":{"self":[{"href":"https:\/\/debrad.sk\/hu\/wp-json\/wp\/v2\/pages\/21315"}],"collection":[{"href":"https:\/\/debrad.sk\/hu\/wp-json\/wp\/v2\/pages"}],"about":[{"href":"https:\/\/debrad.sk\/hu\/wp-json\/wp\/v2\/types\/page"}],"author":[{"embeddable":true,"href":"https:\/\/debrad.sk\/hu\/wp-json\/wp\/v2\/users\/1"}],"replies":[{"embeddable":true,"href":"https:\/\/debrad.sk\/hu\/wp-json\/wp\/v2\/comments?post=21315"}],"version-history":[{"count":0,"href":"https:\/\/debrad.sk\/hu\/wp-json\/wp\/v2\/pages\/21315\/revisions"}],"wp:attachment":[{"href":"https:\/\/debrad.sk\/hu\/wp-json\/wp\/v2\/media?parent=21315"}],"curies":[{"name":"wp","href":"https:\/\/api.w.org\/{rel}","templated":true}]}}