{"id":21316,"date":"2015-01-29T15:19:37","date_gmt":"2015-01-29T14:19:37","guid":{"rendered":"http:\/\/debrad.sk\/?page_id=21316"},"modified":"2015-01-29T15:19:37","modified_gmt":"2015-01-29T14:19:37","slug":"a-kozseg-tortenete","status":"publish","type":"page","link":"https:\/\/debrad.sk\/hu\/a-kozseg-tortenete\/","title":{"rendered":"A k\u00f6zs\u00e9g t\u00f6rt\u00e9nete"},"content":{"rendered":"<p>A falu a j\u00e1sz\u00f3v\u00e1ri premontrei pr\u00e9posts\u00e1g \u0151si birtoka. 1255-ben IV. B\u00e9la a j\u00e1sz\u00f3v\u00e1ri pr\u00e9posts\u00e1g \u00fajraalap\u00edt\u00f3 oklevel\u00e9ben eml\u00edti el\u0151sz\u00f6r. Az oklev\u00e9lben a kir\u00e1ly a falut a pr\u00e9posts\u00e1gnak adom\u00e1nyozta \u00e9s 1848-ig tulajdon\u00e1ban is maradt. 1427-ben 15 port\u00e1t sz\u00e1ml\u00e1ltak a faluban. 1715-ben a t\u00f6r\u00f6k ki\u0171z\u00e9se ut\u00e1n mind\u00f6ssze 5 jobb\u00e1gy \u00e9s egy zsell\u00e9r h\u00e1ztart\u00e1sa maradt. A kipusztult lakoss\u00e1g p\u00f3tl\u00e1s\u00e1ra Szeged k\u00f6rny\u00e9k\u00e9r\u0151l juh\u00e1szokat telep\u00edtettek ide. Ezt a m\u00e1ig meg\u0151rz\u00f6tt szegedi nyelvj\u00e1r\u00e1s is meger\u0151s\u00edti. 1828-ban m\u00e1r 90 h\u00e1za \u00e9s 657 lak\u00f3ja volt.<\/p>\n","protected":false},"excerpt":{"rendered":"<p>A falu a j\u00e1sz\u00f3v\u00e1ri premontrei pr\u00e9posts\u00e1g \u0151si birtoka. 1255-ben IV. B\u00e9la a j\u00e1sz\u00f3v\u00e1ri pr\u00e9posts\u00e1g \u00fajraalap\u00edt\u00f3 oklevel\u00e9ben eml\u00edti el\u0151sz\u00f6r. Az oklev\u00e9lben a kir\u00e1ly a falut a pr\u00e9posts\u00e1gnak adom\u00e1nyozta \u00e9s 1848-ig tulajdon\u00e1ban is maradt. 1427-ben 15 port\u00e1t sz\u00e1ml\u00e1ltak a faluban. 1715-ben a t\u00f6r\u00f6k ki\u0171z\u00e9se ut\u00e1n mind\u00f6ssze 5 jobb\u00e1gy \u00e9s egy zsell\u00e9r h\u00e1ztart\u00e1sa maradt. A kipusztult lakoss\u00e1g p\u00f3tl\u00e1s\u00e1ra Szeged k\u00f6rny\u00e9k\u00e9r\u0151l juh\u00e1szokat telep\u00edtettek ide. Ezt a m\u00e1ig meg\u0151rz\u00f6tt szegedi nyelvj\u00e1r\u00e1s is meger\u0151s\u00edti. 1828-ban m\u00e1r 90 h\u00e1za \u00e9s 657 lak\u00f3ja volt.<\/p>\n","protected":false},"author":1,"featured_media":0,"parent":0,"menu_order":0,"comment_status":"open","ping_status":"open","template":"","meta":{"footnotes":""},"acf":[],"_links":{"self":[{"href":"https:\/\/debrad.sk\/hu\/wp-json\/wp\/v2\/pages\/21316"}],"collection":[{"href":"https:\/\/debrad.sk\/hu\/wp-json\/wp\/v2\/pages"}],"about":[{"href":"https:\/\/debrad.sk\/hu\/wp-json\/wp\/v2\/types\/page"}],"author":[{"embeddable":true,"href":"https:\/\/debrad.sk\/hu\/wp-json\/wp\/v2\/users\/1"}],"replies":[{"embeddable":true,"href":"https:\/\/debrad.sk\/hu\/wp-json\/wp\/v2\/comments?post=21316"}],"version-history":[{"count":0,"href":"https:\/\/debrad.sk\/hu\/wp-json\/wp\/v2\/pages\/21316\/revisions"}],"wp:attachment":[{"href":"https:\/\/debrad.sk\/hu\/wp-json\/wp\/v2\/media?parent=21316"}],"curies":[{"name":"wp","href":"https:\/\/api.w.org\/{rel}","templated":true}]}}