{"id":21317,"date":"2015-01-29T15:20:44","date_gmt":"2015-01-29T14:20:44","guid":{"rendered":"http:\/\/debrad.sk\/?page_id=21317"},"modified":"2015-01-29T15:20:44","modified_gmt":"2015-01-29T14:20:44","slug":"a-kozseg-nevezetessegei","status":"publish","type":"page","link":"https:\/\/debrad.sk\/hu\/a-kozseg-nevezetessegei\/","title":{"rendered":"A k\u00f6zs\u00e9g nevezetess\u00e9gei"},"content":{"rendered":"<ul>\n<li>Szent L\u00e1szl\u00f3 forr\u00e1s<\/li>\n<li>Szent L\u00e1szl\u00f3 n\u00f6v\u00e9nytemplom<\/li>\n<li>Szent L\u00e1szl\u00f3 t\u00e9rplasztika<\/li>\n<li>Szent J\u00e1nos forr\u00e1s \u00e9s k\u00e1polna<\/li>\n<li>Szenth\u00e1roms\u00e1g k\u00e1polna<\/li>\n<li>Szent P\u00e9ter \u00e9s P\u00e1l r\u00f3mai katolikus templom<\/li>\n<\/ul>\n","protected":false},"excerpt":{"rendered":"<p>Szent L\u00e1szl\u00f3 forr\u00e1s Szent L\u00e1szl\u00f3 n\u00f6v\u00e9nytemplom Szent L\u00e1szl\u00f3 t\u00e9rplasztika Szent J\u00e1nos forr\u00e1s \u00e9s k\u00e1polna Szenth\u00e1roms\u00e1g k\u00e1polna Szent P\u00e9ter \u00e9s P\u00e1l r\u00f3mai katolikus templom<\/p>\n","protected":false},"author":1,"featured_media":0,"parent":0,"menu_order":0,"comment_status":"open","ping_status":"open","template":"","meta":{"footnotes":""},"acf":[],"_links":{"self":[{"href":"https:\/\/debrad.sk\/hu\/wp-json\/wp\/v2\/pages\/21317"}],"collection":[{"href":"https:\/\/debrad.sk\/hu\/wp-json\/wp\/v2\/pages"}],"about":[{"href":"https:\/\/debrad.sk\/hu\/wp-json\/wp\/v2\/types\/page"}],"author":[{"embeddable":true,"href":"https:\/\/debrad.sk\/hu\/wp-json\/wp\/v2\/users\/1"}],"replies":[{"embeddable":true,"href":"https:\/\/debrad.sk\/hu\/wp-json\/wp\/v2\/comments?post=21317"}],"version-history":[{"count":0,"href":"https:\/\/debrad.sk\/hu\/wp-json\/wp\/v2\/pages\/21317\/revisions"}],"wp:attachment":[{"href":"https:\/\/debrad.sk\/hu\/wp-json\/wp\/v2\/media?parent=21317"}],"curies":[{"name":"wp","href":"https:\/\/api.w.org\/{rel}","templated":true}]}}