{"id":21318,"date":"2015-01-29T15:21:36","date_gmt":"2015-01-29T14:21:36","guid":{"rendered":"http:\/\/debrad.sk\/?page_id=21318"},"modified":"2015-02-12T11:44:20","modified_gmt":"2015-02-12T10:44:20","slug":"debrodi-erdok","status":"publish","type":"page","link":"https:\/\/debrad.sk\/hu\/debrodi-erdok\/","title":{"rendered":"Debr\u0151di erd\u0151k"},"content":{"rendered":"<p>Debr\u0151d hat\u00e1r\u00e1ban kiterjedt erd\u0151s\u00e9gek vannak. Megtal\u00e1lhat\u00f3k benne mind a lomblevel\u0171, mind a t\u0171level\u0171 f\u00e1k. A lomblevel\u0171ek k\u00f6z\u00fcl a legt\u00f6bb a t\u00f6lgyes \u00e9s a b\u00fckkerd\u0151, de kisebb m\u00e9rt\u00e9kben megtal\u00e1lhat\u00f3 a gyerty\u00e1nfa \u00e9s a ny\u00edrfa is. K\u00f6z\u00e9j\u00fck vegy\u00fcl a juhar-, h\u00e1rs- \u00e9s k\u0151risfa. A patakok partj\u00e1n n\u0151 a ny\u00e1rfa \u00e9s a f\u0171zfa. A t\u0171level\u0171ek k\u00f6z\u00fcl f\u0151leg az erdei feny\u0151 \u00e9s a lucfeny\u0151 van t\u00fals\u00falyban, de megtal\u00e1lhat\u00f3 a bor\u00f3kafeny\u0151 is. A bokrok k\u00f6z\u00f6tt sok a mogyor\u00f3, szeder, galagonya \u00e9s m\u00e1lna. T\u00f6bb helyen gazdag k\u00f6k\u00e9nybokor, csipkef\u00e1k \u00e9s somf\u00e1k tal\u00e1lhat\u00f3k.<\/p>\n<p>A m\u00faltban a fakitermel\u00e9s az \u00farb\u00e9ress\u00e9g hat\u00e1sk\u00f6r\u00e9be tartozott. Az erd\u0151t rendszeresen tiszt\u00edtott\u00e1k, mely munk\u00e1t a k\u00f6zs\u00e9g szeg\u00e9nyebb lakosai v\u00e9geztek el, ennek fej\u00e9ben a kiirtott gallyf\u00e1t megkapt\u00e1k t\u00fczel\u0151nek. A kiv\u00e1gott m\u00e9terfa kisebb r\u00e9sz\u00e9t az \u00farb\u00e9ress\u00e9g a m\u00e9sz\u00e9get\u0151knek adta el, nagyobb r\u00e9sz\u00e9t pedig a szepsi fakeresked\u0151k v\u00e1s\u00e1rolt\u00e1k fel.<\/p>\n\r\n\t\t<style type='text\/css'>\r\n\t\t\t#gallery-1 {\r\n\t\t\t\tmargin: auto;\r\n\t\t\t}\r\n\t\t\t#gallery-1 .gallery-item {\r\n\t\t\t\tfloat: left;\r\n\t\t\t\tmargin-top: 10px;\r\n\t\t\t\ttext-align: center;\r\n\t\t\t\twidth: 25%;\r\n\t\t\t}\r\n\t\t\t#gallery-1 img {\r\n\t\t\t\tborder: 2px solid #cfcfcf;\r\n\t\t\t}\r\n\t\t\t#gallery-1 .gallery-caption {\r\n\t\t\t\tmargin-left: 0;\r\n\t\t\t}\r\n\t\t<\/style>\r\n\t\t<!-- see gallery_shortcode() in wp-includes\/media.php -->\n\t\t<div id='gallery-1' class='gallery galleryid-21318 gallery-columns-4 gallery-size-thumbnail gallery1'><script type=\"text\/javascript\">\r\n\/\/ <![CDATA[\r\n\tjQuery(document).ready(function () {\r\n\t\tjQuery(\".gallery1 a\").attr(\"rel\",\"gallery1\");\t\r\n\t\tjQuery('a[rel=\"gallery1\"]').colorbox({maxWidth:\"95%\", maxHeight:\"95%\",title: function(){ return jQuery(this).children().attr(\"alt\"); }, });\r\n\t});\r\n\/\/ ]]>\r\n<\/script>\n<dl class=\"gallery-item\">\n<dt class=\"gallery-icon\">\r\n<a href=\"https:\/\/s3-eu-central-1.amazonaws.com\/wp-debrad\/wp-content\/uploads\/2015\/01\/06195613\/85-632-20411-622-orig-1024x768.jpg\" title=\"\" rel=\"gallery1\"><img loading=\"lazy\" decoding=\"async\" src=\"https:\/\/s3-eu-central-1.amazonaws.com\/wp-debrad\/wp-content\/uploads\/2015\/01\/06195613\/85-632-20411-622-orig-150x150.jpg\" width=\"150\" height=\"150\" alt=\"\" \/><\/a>\r\n<\/dt><\/dl><dl class=\"gallery-item\">\n<dt class=\"gallery-icon\">\r\n<a href=\"https:\/\/s3-eu-central-1.amazonaws.com\/wp-debrad\/wp-content\/uploads\/2015\/01\/06195613\/85-632-20459-622-orig-1024x768.jpg\" title=\"\" rel=\"gallery1\"><img loading=\"lazy\" decoding=\"async\" src=\"https:\/\/s3-eu-central-1.amazonaws.com\/wp-debrad\/wp-content\/uploads\/2015\/01\/06195613\/85-632-20459-622-orig-150x150.jpg\" width=\"150\" height=\"150\" alt=\"\" \/><\/a>\r\n<\/dt><\/dl><dl class=\"gallery-item\">\n<dt class=\"gallery-icon\">\r\n<a href=\"https:\/\/s3-eu-central-1.amazonaws.com\/wp-debrad\/wp-content\/uploads\/2015\/01\/06195612\/85-632-20461-622-orig-1024x759.jpg\" title=\"\" rel=\"gallery1\"><img loading=\"lazy\" decoding=\"async\" src=\"https:\/\/s3-eu-central-1.amazonaws.com\/wp-debrad\/wp-content\/uploads\/2015\/01\/06195612\/85-632-20461-622-orig-150x150.jpg\" width=\"150\" height=\"150\" alt=\"\" \/><\/a>\r\n<\/dt><\/dl><dl class=\"gallery-item\">\n<dt class=\"gallery-icon\">\r\n<a href=\"https:\/\/s3-eu-central-1.amazonaws.com\/wp-debrad\/wp-content\/uploads\/2015\/01\/06195611\/85-632-20512-622-orig-1024x768.jpg\" title=\"\" rel=\"gallery1\"><img loading=\"lazy\" decoding=\"async\" src=\"https:\/\/s3-eu-central-1.amazonaws.com\/wp-debrad\/wp-content\/uploads\/2015\/01\/06195611\/85-632-20512-622-orig-150x150.jpg\" width=\"150\" height=\"150\" alt=\"\" \/><\/a>\r\n<\/dt><\/dl><br style=\"clear: both\" \/>\r\n\t\t<\/div>\n\n","protected":false},"excerpt":{"rendered":"<p>Debr\u0151d hat\u00e1r\u00e1ban kiterjedt erd\u0151s\u00e9gek vannak. Megtal\u00e1lhat\u00f3k benne mind a lomblevel\u0171, mind a t\u0171level\u0171 f\u00e1k. A lomblevel\u0171ek k\u00f6z\u00fcl a legt\u00f6bb a t\u00f6lgyes \u00e9s a b\u00fckkerd\u0151, de kisebb m\u00e9rt\u00e9kben megtal\u00e1lhat\u00f3 a gyerty\u00e1nfa \u00e9s a ny\u00edrfa is. K\u00f6z\u00e9j\u00fck vegy\u00fcl a juhar-, h\u00e1rs- \u00e9s k\u0151risfa. A patakok partj\u00e1n n\u0151 a ny\u00e1rfa \u00e9s a f\u0171zfa. A t\u0171level\u0171ek k\u00f6z\u00fcl f\u0151leg az erdei feny\u0151 \u00e9s a lucfeny\u0151 van t\u00fals\u00falyban, de megtal\u00e1lhat\u00f3 a bor\u00f3kafeny\u0151 is. A bokrok k\u00f6z\u00f6tt sok a mogyor\u00f3, szeder, galagonya \u00e9s m\u00e1lna. T\u00f6bb helyen gazdag k\u00f6k\u00e9nybokor, csipkef\u00e1k \u00e9s somf\u00e1k tal\u00e1lhat\u00f3k. A m\u00faltban a fakitermel\u00e9s az \u00farb\u00e9ress\u00e9g hat\u00e1sk\u00f6r\u00e9be tartozott. Az erd\u0151t rendszeresen tiszt\u00edtott\u00e1k, mely munk\u00e1t a k\u00f6zs\u00e9g szeg\u00e9nyebb lakosai v\u00e9geztek el, ennek fej\u00e9ben a kiirtott gallyf\u00e1t megkapt\u00e1k t\u00fczel\u0151nek. A kiv\u00e1gott m\u00e9terfa kisebb r\u00e9sz\u00e9t az \u00farb\u00e9ress\u00e9g a m\u00e9sz\u00e9get\u0151knek adta el, nagyobb r\u00e9sz\u00e9t pedig a szepsi fakeresked\u0151k v\u00e1s\u00e1rolt\u00e1k fel.<\/p>\n","protected":false},"author":1,"featured_media":0,"parent":0,"menu_order":0,"comment_status":"open","ping_status":"open","template":"","meta":{"footnotes":""},"acf":[],"_links":{"self":[{"href":"https:\/\/debrad.sk\/hu\/wp-json\/wp\/v2\/pages\/21318"}],"collection":[{"href":"https:\/\/debrad.sk\/hu\/wp-json\/wp\/v2\/pages"}],"about":[{"href":"https:\/\/debrad.sk\/hu\/wp-json\/wp\/v2\/types\/page"}],"author":[{"embeddable":true,"href":"https:\/\/debrad.sk\/hu\/wp-json\/wp\/v2\/users\/1"}],"replies":[{"embeddable":true,"href":"https:\/\/debrad.sk\/hu\/wp-json\/wp\/v2\/comments?post=21318"}],"version-history":[{"count":1,"href":"https:\/\/debrad.sk\/hu\/wp-json\/wp\/v2\/pages\/21318\/revisions"}],"predecessor-version":[{"id":21319,"href":"https:\/\/debrad.sk\/hu\/wp-json\/wp\/v2\/pages\/21318\/revisions\/21319"}],"wp:attachment":[{"href":"https:\/\/debrad.sk\/hu\/wp-json\/wp\/v2\/media?parent=21318"}],"curies":[{"name":"wp","href":"https:\/\/api.w.org\/{rel}","templated":true}]}}