{"id":21329,"date":"2015-02-03T11:35:01","date_gmt":"2015-02-03T10:35:01","guid":{"rendered":"http:\/\/debrad.sk\/?page_id=21329"},"modified":"2015-02-03T11:35:01","modified_gmt":"2015-02-03T10:35:01","slug":"urberi-tarsulat","status":"publish","type":"page","link":"https:\/\/debrad.sk\/hu\/urberi-tarsulat\/","title":{"rendered":"\u00darb\u00e9ri t\u00e1rsulat"},"content":{"rendered":"<p><strong>Debr\u0151di Volt \u00darb\u00e9resek T\u00e1rsulata p. s., 045 01 Debr\u0151d 147.<\/strong><\/p>\n<p><strong>M E G H \u00cd V \u00d3<\/strong><\/p>\n<p>a\u00a0Debr\u0151di Volt \u00darb\u00e9resek T\u00e1rsulata p. s.\u00e9vz\u00e1r\u00f3 \u00e9s alakul\u00f3 k\u00f6zgy\u0171l\u00e9s\u00e9re, amely\u00a02013. dec. 12-\u00e9n\u00a0 17:00 \u00f3rai kezdettel\u00a0lesz megtartva\u00a0Debr\u0151d\u00f6n a helyi kult\u00farh\u00e1zban.<\/p>\n<p>A r\u00e9sztvev\u0151 tagok bejegyz\u00e9se 16:00 \u00f3r\u00e1t\u00f3l szem\u00e9lyigazolv\u00e1ny alapj\u00e1n<\/p>\n<p>Napirendi pontok 17:00 \u00f3r\u00e1t\u00f3l<\/p>\n<ol>\n<li>Megnyit\u00f3<\/li>\n<li>Eln\u00f6ki besz\u00e1mol\u00f3<\/li>\n<li>P\u00e9nzt\u00e1ri besz\u00e1mol\u00f3<\/li>\n<li>Besz\u00e1mol\u00f3 az erd\u0151gazd\u00e1lkod\u00e1sr\u00f3l<\/li>\n<li>Javasl\u00f3 bizotts\u00e1g megv\u00e1laszt\u00e1sa<\/li>\n<li>Mand\u00e1tumvizsg\u00e1l\u00f3 \u00e9s v\u00e1laszt\u00e1si bizotts\u00e1g megv\u00e1laszt\u00e1sa<\/li>\n<li>A \u201eV\u00e1laszt\u00e1si szab\u00e1lyzat\u201c j\u00f3v\u00e1hagy\u00e1sa<\/li>\n<li>J\u00f3v\u00e1hagy\u00e1si javaslat: \u201eT\u00e1rsulati szerz\u0151d\u00e9s &#8230;\u201c<\/li>\n<li>J\u00f3v\u00e1hagy\u00e1si javaslat: \u201eA &#8230; t\u00e1rsulat alapszab\u00e1lya\u201c<\/li>\n<li>Vezet\u0151s\u00e9gi tagok \u00e9s az ellen\u0151rz\u0151bizotts\u00e1g tagjainak megv\u00e1laszt\u00e1sa<\/li>\n<li>Sz\u00fcnet \u2013 vezet\u0151s\u00e9gi \u00fcl\u00e9s \u00e9s az ellen\u0151rz\u0151 bizotts\u00e1g \u00fcl\u00e9se<\/li>\n<li>V\u00e1laszt\u00e1si eredm\u00e9nyek ismertet\u00e9se \u2013 eln\u00f6k \u00e9s az ellen\u0151rz\u0151 bizotts\u00e1g eln\u00f6ke szem\u00e9ly\u00e9t illet\u0151en<\/li>\n<li>Z\u00e1rsz\u00f3 &#8211; friss\u00edt\u0151<\/li>\n<\/ol>\n<p>A jogi szem\u00e9ly megalak\u00edt\u00e1sa a 2013 m\u00e1rcius 26-\u00e1n kiadott 97\/2013 sz\u00e1m\u00fa t\u00f6rv\u00e9ny alapj\u00e1n t\u00f6rt\u00e9nik. F\u00f6ldtulajdonosi t\u00e1rsul\u00e1s a k\u00f6z\u00f6s tulajdon tulajdonosai k\u00f6z\u00f6tt k\u00f6t\u00f6tt szerz\u0151d\u00e9s alapj\u00e1n j\u00f6n l\u00e9tre.<\/p>\n<p>A f\u00f6ldtulajdonosi t\u00e1rsulat megalak\u00edt\u00e1s\u00e1r\u00f3l sz\u00f3l\u00f3 szerz\u0151d\u00e9sjavaslat megtekinthet\u0151 a www.debrad.sk weboldalon november 18-t\u00f3l. Javaslataikat, \u00e9szrev\u00e9teleiket v\u00e1rjuk az ocudebrad@stonline.sk\u00a0 email c\u00edmre 2013. november 29-ig. A megadott weboldalon tov\u00e1bbi a t\u00e9m\u00e1val \u00f6sszef\u00fcgg\u0151 dokumentum tal\u00e1lhat\u00f3.<\/p>\n<p>Mivel a szerz\u0151d\u00e9s j\u00f3v\u00e1hagy\u00e1s\u00e1hoz a 97\/2013 t\u00f6rv\u00e9ny alapj\u00e1n a tags\u00e1g szavazatainak t\u00f6bb mint a fele sz\u00fcks\u00e9ges, k\u00e9rem az \u00f6sszes tagot, hogy felt\u00e9tlen\u00fcl vegyen r\u00e9szt a k\u00f6zgy\u0171l\u00e9sen. Ha a szerz\u0151d\u00e9s nincs j\u00f3v\u00e1hagyva a t\u00e1rsulat megsz\u0171nik!<\/p>\n<p>Abban az esetben, ha nem tud r\u00e9szt venni a k\u00f6zgy\u0171l\u00e9sen, javasoljuk, hogy \u00edr\u00e1sban hatalmazzon meg valakit \u00d6nmaga helyettes\u00edt\u00e9s\u00e9re, szavazati jog\u00e1nak gyakorl\u00e1s\u00e1ra, hogy a k\u00f6zgy\u0171l\u00e9s hat\u00e1rozatk\u00e9pes legyen. (Meghatalmaz\u00e1si nyomtatv\u00e1ny mell\u00e9kelve, k\u00e9rj\u00fck, hogy k\u00fcldje el a megadott c\u00edmre)<\/p>\n<p>Deb\u0151d, 2013. 11. 8<\/p>\n<div align=\"right\">A vezet\u0151s\u00e9g nev\u00e9ben<br \/>\nMgr. Gergely Papp Adrianna, eln\u00f6k<\/div>\n<p>Csatolt dokumentumok:<\/p>\n<p class=\"gde-text\"><a href=\"http:\/\/s3-eu-central-1.amazonaws.com\/wp-debrad\/wp-content\/uploads\/2015\/02\/06195611\/85-622-11206-debrad_vzor-zmluva-o-poz-spolocenstvach.doc\" class=\"gde-link\">Download (DOC, 113KB)<\/a><\/p>\n<iframe src=\"\/\/docs.google.com\/viewer?url=http%3A%2F%2Fs3-eu-central-1.amazonaws.com%2Fwp-debrad%2Fwp-content%2Fuploads%2F2015%2F02%2F06195611%2F85-622-11206-debrad_vzor-zmluva-o-poz-spolocenstvach.doc&hl=hu&embedded=true\" class=\"gde-frame\" style=\"width:100%; height:600px; border: none;\" scrolling=\"no\"><\/iframe>\n","protected":false},"excerpt":{"rendered":"<p>Debr\u0151di Volt \u00darb\u00e9resek T\u00e1rsulata p. s., 045 01 Debr\u0151d 147. M E G H \u00cd V \u00d3 a\u00a0Debr\u0151di Volt \u00darb\u00e9resek T\u00e1rsulata p. s.\u00e9vz\u00e1r\u00f3 \u00e9s alakul\u00f3 k\u00f6zgy\u0171l\u00e9s\u00e9re, amely\u00a02013. dec. 12-\u00e9n\u00a0 17:00 \u00f3rai kezdettel\u00a0lesz megtartva\u00a0Debr\u0151d\u00f6n a helyi kult\u00farh\u00e1zban. A r\u00e9sztvev\u0151 tagok bejegyz\u00e9se 16:00 \u00f3r\u00e1t\u00f3l szem\u00e9lyigazolv\u00e1ny alapj\u00e1n Napirendi pontok 17:00 \u00f3r\u00e1t\u00f3l Megnyit\u00f3 Eln\u00f6ki besz\u00e1mol\u00f3 P\u00e9nzt\u00e1ri besz\u00e1mol\u00f3 Besz\u00e1mol\u00f3 az erd\u0151gazd\u00e1lkod\u00e1sr\u00f3l Javasl\u00f3 bizotts\u00e1g megv\u00e1laszt\u00e1sa Mand\u00e1tumvizsg\u00e1l\u00f3 \u00e9s v\u00e1laszt\u00e1si bizotts\u00e1g megv\u00e1laszt\u00e1sa A \u201eV\u00e1laszt\u00e1si szab\u00e1lyzat\u201c j\u00f3v\u00e1hagy\u00e1sa J\u00f3v\u00e1hagy\u00e1si javaslat: \u201eT\u00e1rsulati szerz\u0151d\u00e9s &#8230;\u201c J\u00f3v\u00e1hagy\u00e1si javaslat: \u201eA &#8230; t\u00e1rsulat alapszab\u00e1lya\u201c Vezet\u0151s\u00e9gi tagok \u00e9s az ellen\u0151rz\u0151bizotts\u00e1g tagjainak megv\u00e1laszt\u00e1sa Sz\u00fcnet \u2013 vezet\u0151s\u00e9gi \u00fcl\u00e9s \u00e9s az ellen\u0151rz\u0151 bizotts\u00e1g \u00fcl\u00e9se V\u00e1laszt\u00e1si eredm\u00e9nyek ismertet\u00e9se \u2013 eln\u00f6k \u00e9s az ellen\u0151rz\u0151 bizotts\u00e1g eln\u00f6ke szem\u00e9ly\u00e9t illet\u0151en Z\u00e1rsz\u00f3 &#8211; friss\u00edt\u0151 A jogi szem\u00e9ly megalak\u00edt\u00e1sa a 2013 m\u00e1rcius 26-\u00e1n kiadott 97\/2013 sz\u00e1m\u00fa t\u00f6rv\u00e9ny alapj\u00e1n t\u00f6rt\u00e9nik. F\u00f6ldtulajdonosi t\u00e1rsul\u00e1s a k\u00f6z\u00f6s tulajdon tulajdonosai k\u00f6z\u00f6tt k\u00f6t\u00f6tt szerz\u0151d\u00e9s alapj\u00e1n j\u00f6n l\u00e9tre. A f\u00f6ldtulajdonosi t\u00e1rsulat megalak\u00edt\u00e1s\u00e1r\u00f3l sz\u00f3l\u00f3 szerz\u0151d\u00e9sjavaslat megtekinthet\u0151 a www.debrad.sk weboldalon november 18-t\u00f3l. Javaslataikat, \u00e9szrev\u00e9teleiket v\u00e1rjuk az ocudebrad@stonline.sk\u00a0 email c\u00edmre 2013. november 29-ig. A megadott weboldalon tov\u00e1bbi a t\u00e9m\u00e1val \u00f6sszef\u00fcgg\u0151 dokumentum tal\u00e1lhat\u00f3. Mivel a szerz\u0151d\u00e9s j\u00f3v\u00e1hagy\u00e1s\u00e1hoz a 97\/2013 t\u00f6rv\u00e9ny alapj\u00e1n a tags\u00e1g szavazatainak t\u00f6bb mint a fele sz\u00fcks\u00e9ges, k\u00e9rem az \u00f6sszes tagot, hogy felt\u00e9tlen\u00fcl vegyen r\u00e9szt a k\u00f6zgy\u0171l\u00e9sen. Ha a szerz\u0151d\u00e9s nincs j\u00f3v\u00e1hagyva a t\u00e1rsulat megsz\u0171nik! Abban az esetben, ha nem tud r\u00e9szt venni a k\u00f6zgy\u0171l\u00e9sen, javasoljuk, hogy \u00edr\u00e1sban hatalmazzon meg valakit \u00d6nmaga helyettes\u00edt\u00e9s\u00e9re, szavazati jog\u00e1nak gyakorl\u00e1s\u00e1ra, hogy a k\u00f6zgy\u0171l\u00e9s hat\u00e1rozatk\u00e9pes legyen. (Meghatalmaz\u00e1si nyomtatv\u00e1ny mell\u00e9kelve, k\u00e9rj\u00fck, hogy k\u00fcldje el a megadott c\u00edmre) Deb\u0151d, 2013. 11. 8 A vezet\u0151s\u00e9g nev\u00e9ben Mgr. Gergely Papp Adrianna, eln\u00f6k Csatolt dokumentumok:<\/p>\n","protected":false},"author":1,"featured_media":0,"parent":0,"menu_order":0,"comment_status":"open","ping_status":"open","template":"","meta":{"footnotes":""},"acf":[],"_links":{"self":[{"href":"https:\/\/debrad.sk\/hu\/wp-json\/wp\/v2\/pages\/21329"}],"collection":[{"href":"https:\/\/debrad.sk\/hu\/wp-json\/wp\/v2\/pages"}],"about":[{"href":"https:\/\/debrad.sk\/hu\/wp-json\/wp\/v2\/types\/page"}],"author":[{"embeddable":true,"href":"https:\/\/debrad.sk\/hu\/wp-json\/wp\/v2\/users\/1"}],"replies":[{"embeddable":true,"href":"https:\/\/debrad.sk\/hu\/wp-json\/wp\/v2\/comments?post=21329"}],"version-history":[{"count":0,"href":"https:\/\/debrad.sk\/hu\/wp-json\/wp\/v2\/pages\/21329\/revisions"}],"wp:attachment":[{"href":"https:\/\/debrad.sk\/hu\/wp-json\/wp\/v2\/media?parent=21329"}],"curies":[{"name":"wp","href":"https:\/\/api.w.org\/{rel}","templated":true}]}}