{"id":21332,"date":"2015-02-03T11:36:19","date_gmt":"2015-02-03T10:36:19","guid":{"rendered":"http:\/\/debrad.sk\/?page_id=21332"},"modified":"2015-02-03T11:36:19","modified_gmt":"2015-02-03T10:36:19","slug":"falu-a-szent-janos-forras-alatt","status":"publish","type":"page","link":"https:\/\/debrad.sk\/hu\/tortenelem\/falu-a-szent-janos-forras-alatt\/","title":{"rendered":"Falu a Szent J\u00e1nos-forr\u00e1s alatt"},"content":{"rendered":"<p>Debr\u0151d telep\u00fcl\u00e9s eredetileg nem azon a helyen volt, ahol a mai falu tal\u00e1lhat\u00f3. Csak annyi tudhat\u00f3, hogy valahol a felf\u00f6ld als\u00f3 r\u00e9sz\u00e9n, k\u00f6zel a mai Het\u00e9nyhez \u00e9p\u00fclt ki.\u00a0 A telep\u00fcl\u00e9s alighanem a tat\u00e1rj\u00e1r\u00e1s \u00e1ldozata lett, ami nemcsak a h\u00e1zak felperzsel\u00e9s\u00e9t, a lak\u00f3k legyilkol\u00e1s\u00e1t, hanem minden adat megsemmis\u00edt\u00e9s\u00e9t is jelentette. De az \u00e9letet teljesen kipuszt\u00edtani m\u00e9gsem lehetett. Ahol v\u00edz tal\u00e1lhat\u00f3, ott el\u0151bb vagy ut\u00f3bb az ember is megjelenik.<\/p>\n<p>Sz\u00e1jhagyom\u00e1nyokb\u00f3l tudjuk, hogy az \u00faj falu a 13. sz\u00e1zad elej\u00e9n a Szent J\u00e1nos forr\u00e1s mellett l\u00e9tes\u00fclt. Ez a forr\u00e1s a mai k\u00f6zs\u00e9g fels\u0151 v\u00e9g\u00e9ben tal\u00e1lhat\u00f3.\u00a0 Az \u00f6regek elbesz\u00e9l\u00e9se szerint az els\u0151 kezdetleges lak\u00f3h\u00e1zat bizonyos \u00c1d\u00e1m nev\u0171 ember \u00e9p\u00edtette a Szentj\u00e1noska mellett \u2013 ahogy a n\u00e9pnyelv haszn\u00e1lja a forr\u00e1s elnevez\u00e9s\u00e9t. Ezt a helyet k\u00fcl\u00f6nben m\u00e9g ma is \u00c1d\u00e1m-g\u00f6drinek nevezik a k\u00f6zs\u00e9g lak\u00f3i. \u201e A forr\u00e1sfejb\u0151l ered\u0151 \u00e9s a falun v\u00e9gigfoly\u00f3 kis patak ment\u00e9n \u00e9p\u00edtett\u00e9k fel a lakosok apr\u00f3 kis h\u00e1zaikat. A forr\u00e1s \u00e9vsz\u00e1zadokon \u00e1t egyed\u00fcli v\u00edzszerz\u00e9si lehet\u0151s\u00e9ge volt a k\u00f6zs\u00e9g n\u00e9peinek. Iv\u00f3viz\u00e9t innen nyerte, a kis patak pedig az \u00e1llatok itat\u00e1s\u00e1ra \u00e9s a kertek \u00f6nt\u00f6z\u00e9s\u00e9re szolg\u00e1lt. Emellett kedvez\u0151 a v\u00edz h\u0151m\u00e9rs\u00e9klete is: rendszerint 10-12 C \u2013 fok az \u00e1ltal\u00e1nos h\u0151m\u00e9rs\u00e9klete, ez\u00e9rt a vize t\u00e9len sem fagy be.\u201c- k\u00f6zli a Debr\u0151d t\u00f6rt\u00e9net\u00e9t feldolgoz\u00f3 monogr\u00e1fi\u00e1j\u00e1ban G\u00f6rcs\u00f6s Mih\u00e1ly.<\/p>\n<p>A forr\u00e1s felett a mai napig l\u00e1that\u00f3 a Szent J\u00e1nos-k\u00e1polna, benne a Nepomuki Szent J\u00e1nost \u00e1br\u00e1zol\u00f3 szoborral.<\/p>\n","protected":false},"excerpt":{"rendered":"<p>Debr\u0151d telep\u00fcl\u00e9s eredetileg nem azon a helyen volt, ahol a mai falu tal\u00e1lhat\u00f3. Csak annyi tudhat\u00f3, hogy valahol a felf\u00f6ld als\u00f3 r\u00e9sz\u00e9n, k\u00f6zel a mai Het\u00e9nyhez \u00e9p\u00fclt ki.\u00a0 A telep\u00fcl\u00e9s alighanem a tat\u00e1rj\u00e1r\u00e1s \u00e1ldozata lett, ami nemcsak a h\u00e1zak felperzsel\u00e9s\u00e9t, a lak\u00f3k legyilkol\u00e1s\u00e1t, hanem minden adat megsemmis\u00edt\u00e9s\u00e9t is jelentette. De az \u00e9letet teljesen kipuszt\u00edtani m\u00e9gsem lehetett. Ahol v\u00edz tal\u00e1lhat\u00f3, ott el\u0151bb vagy ut\u00f3bb az ember is megjelenik. Sz\u00e1jhagyom\u00e1nyokb\u00f3l tudjuk, hogy az \u00faj falu a 13. sz\u00e1zad elej\u00e9n a Szent J\u00e1nos forr\u00e1s mellett l\u00e9tes\u00fclt. Ez a forr\u00e1s a mai k\u00f6zs\u00e9g fels\u0151 v\u00e9g\u00e9ben tal\u00e1lhat\u00f3.\u00a0 Az \u00f6regek elbesz\u00e9l\u00e9se szerint az els\u0151 kezdetleges lak\u00f3h\u00e1zat bizonyos \u00c1d\u00e1m nev\u0171 ember \u00e9p\u00edtette a Szentj\u00e1noska mellett \u2013 ahogy a n\u00e9pnyelv haszn\u00e1lja a forr\u00e1s elnevez\u00e9s\u00e9t. Ezt a helyet k\u00fcl\u00f6nben m\u00e9g ma is \u00c1d\u00e1m-g\u00f6drinek nevezik a k\u00f6zs\u00e9g lak\u00f3i. \u201e A forr\u00e1sfejb\u0151l ered\u0151 \u00e9s a falun v\u00e9gigfoly\u00f3 kis patak ment\u00e9n \u00e9p\u00edtett\u00e9k fel a lakosok apr\u00f3 kis h\u00e1zaikat. A forr\u00e1s \u00e9vsz\u00e1zadokon \u00e1t egyed\u00fcli v\u00edzszerz\u00e9si lehet\u0151s\u00e9ge volt a k\u00f6zs\u00e9g n\u00e9peinek. Iv\u00f3viz\u00e9t innen nyerte, a kis patak pedig az \u00e1llatok itat\u00e1s\u00e1ra \u00e9s a kertek \u00f6nt\u00f6z\u00e9s\u00e9re szolg\u00e1lt. Emellett kedvez\u0151 a v\u00edz h\u0151m\u00e9rs\u00e9klete is: rendszerint 10-12 C \u2013 fok az \u00e1ltal\u00e1nos h\u0151m\u00e9rs\u00e9klete, ez\u00e9rt a vize t\u00e9len sem fagy be.\u201c- k\u00f6zli a Debr\u0151d t\u00f6rt\u00e9net\u00e9t feldolgoz\u00f3 monogr\u00e1fi\u00e1j\u00e1ban G\u00f6rcs\u00f6s Mih\u00e1ly. A forr\u00e1s felett a mai napig l\u00e1that\u00f3 a Szent J\u00e1nos-k\u00e1polna, benne a Nepomuki Szent J\u00e1nost \u00e1br\u00e1zol\u00f3 szoborral.<\/p>\n","protected":false},"author":1,"featured_media":0,"parent":21331,"menu_order":0,"comment_status":"open","ping_status":"open","template":"","meta":{"footnotes":""},"acf":[],"_links":{"self":[{"href":"https:\/\/debrad.sk\/hu\/wp-json\/wp\/v2\/pages\/21332"}],"collection":[{"href":"https:\/\/debrad.sk\/hu\/wp-json\/wp\/v2\/pages"}],"about":[{"href":"https:\/\/debrad.sk\/hu\/wp-json\/wp\/v2\/types\/page"}],"author":[{"embeddable":true,"href":"https:\/\/debrad.sk\/hu\/wp-json\/wp\/v2\/users\/1"}],"replies":[{"embeddable":true,"href":"https:\/\/debrad.sk\/hu\/wp-json\/wp\/v2\/comments?post=21332"}],"version-history":[{"count":0,"href":"https:\/\/debrad.sk\/hu\/wp-json\/wp\/v2\/pages\/21332\/revisions"}],"up":[{"embeddable":true,"href":"https:\/\/debrad.sk\/hu\/wp-json\/wp\/v2\/pages\/21331"}],"wp:attachment":[{"href":"https:\/\/debrad.sk\/hu\/wp-json\/wp\/v2\/media?parent=21332"}],"curies":[{"name":"wp","href":"https:\/\/api.w.org\/{rel}","templated":true}]}}