{"id":21334,"date":"2015-02-03T11:43:26","date_gmt":"2015-02-03T10:43:26","guid":{"rendered":"http:\/\/debrad.sk\/?page_id=21334"},"modified":"2015-02-03T11:43:26","modified_gmt":"2015-02-03T10:43:26","slug":"jelenesek-a-szent-laszlo-forrasnal","status":"publish","type":"page","link":"https:\/\/debrad.sk\/hu\/tortenelem\/jelenesek-a-szent-laszlo-forrasnal\/","title":{"rendered":"Jelen\u00e9sek a Szent L\u00e1szl\u00f3 forr\u00e1sn\u00e1l"},"content":{"rendered":"<p>1952.szeptember 8-\u00e1n jelen\u00e9seket l\u00e1ttak a Szent L\u00e1szl\u00f3 tiszt\u00e1s felett. Szepsib\u0151k k\u00e9t asszony a forr\u00e1shoz indult, s ekkor egy hatalmas felh\u0151 k\u00f6zep\u00e9n a Sz\u0171zanya jelent meg, \u00f6l\u00e9ben a kis J\u00e9zussal. Nem sokkal k\u00e9s\u0151bb, szeptember 15-\u00e9n egy szemtan\u00fa szerint: \u201eAz eg\u00e9sz erd\u0151 aranys\u00e1rga f\u00e9nyben \u00faszott, a nap elvesztette vak\u00edt\u00f3 ragyog\u00e1s\u00e1t, \u00e9s a szentosty\u00e1hoz hasonl\u00f3 feh\u00e9rs\u00e9gben t\u0171nt fel. Az erd\u0151 \u00e9szaki r\u00e9sz\u00e9n irt\u00f3zatos v\u00f6r\u00f6ss\u00e9g h\u00f6mp\u00f6lyg\u00f6tt. K\u00f6r\u00f6s-k\u00f6r\u00fcl r\u00f3zs\u00e1k hullottak a hat\u00e1rra.\u201c<\/p>\n<p>A t\u00f6bbsz\u00f6r megism\u00e9tl\u0151d\u0151 esem\u00e9ny hat\u00e1s\u00e1ra b\u00facs\u00faj\u00e1r\u00e1s kezd\u0151d\u00f6tt erre a helyre, amit Csehszlov\u00e1kia szocialista hat\u00f3s\u00e1ga 1959-ben betiltott, \u00e9s a templom romjain bel\u00fcl emelt k\u00e1poln\u00e1t felgy\u00fajtott\u00e1k. A n\u00e9p ennek ellen\u00e9re tov\u00e1bbra is j\u00e1rt a forr\u00e1shoz: M\u00e1ri\u00e1t dics\u00e9rni \u00e9s im\u00e1dkozni a vall\u00e1sszabads\u00e1g\u00e9rt.<\/p>\n","protected":false},"excerpt":{"rendered":"<p>1952.szeptember 8-\u00e1n jelen\u00e9seket l\u00e1ttak a Szent L\u00e1szl\u00f3 tiszt\u00e1s felett. Szepsib\u0151k k\u00e9t asszony a forr\u00e1shoz indult, s ekkor egy hatalmas felh\u0151 k\u00f6zep\u00e9n a Sz\u0171zanya jelent meg, \u00f6l\u00e9ben a kis J\u00e9zussal. Nem sokkal k\u00e9s\u0151bb, szeptember 15-\u00e9n egy szemtan\u00fa szerint: \u201eAz eg\u00e9sz erd\u0151 aranys\u00e1rga f\u00e9nyben \u00faszott, a nap elvesztette vak\u00edt\u00f3 ragyog\u00e1s\u00e1t, \u00e9s a szentosty\u00e1hoz hasonl\u00f3 feh\u00e9rs\u00e9gben t\u0171nt fel. Az erd\u0151 \u00e9szaki r\u00e9sz\u00e9n irt\u00f3zatos v\u00f6r\u00f6ss\u00e9g h\u00f6mp\u00f6lyg\u00f6tt. K\u00f6r\u00f6s-k\u00f6r\u00fcl r\u00f3zs\u00e1k hullottak a hat\u00e1rra.\u201c A t\u00f6bbsz\u00f6r megism\u00e9tl\u0151d\u0151 esem\u00e9ny hat\u00e1s\u00e1ra b\u00facs\u00faj\u00e1r\u00e1s kezd\u0151d\u00f6tt erre a helyre, amit Csehszlov\u00e1kia szocialista hat\u00f3s\u00e1ga 1959-ben betiltott, \u00e9s a templom romjain bel\u00fcl emelt k\u00e1poln\u00e1t felgy\u00fajtott\u00e1k. A n\u00e9p ennek ellen\u00e9re tov\u00e1bbra is j\u00e1rt a forr\u00e1shoz: M\u00e1ri\u00e1t dics\u00e9rni \u00e9s im\u00e1dkozni a vall\u00e1sszabads\u00e1g\u00e9rt.<\/p>\n","protected":false},"author":1,"featured_media":0,"parent":21331,"menu_order":0,"comment_status":"open","ping_status":"open","template":"","meta":{"footnotes":""},"acf":[],"_links":{"self":[{"href":"https:\/\/debrad.sk\/hu\/wp-json\/wp\/v2\/pages\/21334"}],"collection":[{"href":"https:\/\/debrad.sk\/hu\/wp-json\/wp\/v2\/pages"}],"about":[{"href":"https:\/\/debrad.sk\/hu\/wp-json\/wp\/v2\/types\/page"}],"author":[{"embeddable":true,"href":"https:\/\/debrad.sk\/hu\/wp-json\/wp\/v2\/users\/1"}],"replies":[{"embeddable":true,"href":"https:\/\/debrad.sk\/hu\/wp-json\/wp\/v2\/comments?post=21334"}],"version-history":[{"count":0,"href":"https:\/\/debrad.sk\/hu\/wp-json\/wp\/v2\/pages\/21334\/revisions"}],"up":[{"embeddable":true,"href":"https:\/\/debrad.sk\/hu\/wp-json\/wp\/v2\/pages\/21331"}],"wp:attachment":[{"href":"https:\/\/debrad.sk\/hu\/wp-json\/wp\/v2\/media?parent=21334"}],"curies":[{"name":"wp","href":"https:\/\/api.w.org\/{rel}","templated":true}]}}