{"id":21335,"date":"2015-02-03T11:44:25","date_gmt":"2015-02-03T10:44:25","guid":{"rendered":"http:\/\/debrad.sk\/?page_id=21335"},"modified":"2015-02-03T11:44:25","modified_gmt":"2015-02-03T10:44:25","slug":"nepi-meszegetes","status":"publish","type":"page","link":"https:\/\/debrad.sk\/hu\/tortenelem\/nepi-meszegetes\/","title":{"rendered":"N\u00e9pi m\u00e9sz\u00e9get\u00e9s"},"content":{"rendered":"<p><strong>A f\u00f6ld mindig csak neh\u00e9z munka \u00e1r\u00e1n adta cser\u00e9be term\u00e9nyeit. Ezt a debr\u0151di f\u00f6ldm\u0171vel\u0151k is tapasztalt\u00e1k \u00e9s tudj\u00e1k ma is. A mi falunk hat\u00e1ra viszont olyan term\u00e9szeti kincsekkel is b\u00edr, ami a k\u00f6rny\u00e9kbeli telep\u00fcl\u00e9seken nincs. \u00c9s ez nem m\u00e1s, mint a j\u00f3 min\u0151s\u00e9g\u0171 m\u00e9szk\u0151. Nos, f\u00f6ldm\u0171vel\u0151 \u0151seink \u00e9ltek is annak a lehet\u0151s\u00e9g\u00e9vel, hogy a meg\u00e9lhet\u0151s\u00e9g\u00fcket ennek a kincsnek a kiakn\u00e1z\u00e1s\u00e1val jav\u00edts\u00e1k. A j\u00e1sz\u00f3i kolostor sz\u00e1m\u00e1ra m\u00e1r a 13. sz\u00e1zadban is \u00e9gettek itt meszet, de aff\u00e9le f\u0151mesters\u00e9gg\u00e9 csak a 19. sz\u00e1zadban v\u00e1lt, ami a 20. sz\u00e1zad \u00f6tvenes \u00e9veiig tartott.<\/strong><\/p>\n<p><strong>A m\u00e9sz\u00e9get\u0151k a kis-\u00e9s k\u00f6z\u00e9pbirtokos gazd\u00e1k k\u00f6z\u00fcl ker\u00fclt ki. A Bak\u00f3c-v\u00f6lgyben, a Szt. L\u00e1szl\u00f3-forr\u00e1s melletti tiszt\u00e1son \u00e9gett\u00e9k a meszet &#8211; itt nagyon j\u00f3 min\u0151s\u00e9g\u0171 volt, valamint azEreszv\u00e9nyalja nev\u0171 erd\u0151 mellett, ahol viszont m\u00e1r kev\u00e9sb\u00e9.<\/strong><\/p>\n<p>A m\u00e9sz\u00e9get\u00e9s technol\u00f3gi\u00e1ja t\u00f6bb folyamatb\u00f3l tev\u0151d\u00f6tt \u00f6ssze.<\/p>\n<ol>\n<li>A m\u00e9sz kib\u00e1ny\u00e1sz\u00e1sa l\u00e9nyeg\u00e9ben probl\u00e9mamentes volt, mivel puha k\u0151zetr\u0151l van sz\u00f3.<\/li>\n<li>Az \u00e9get\u00e9shez sz\u00fcks\u00e9ges f\u00e1t az \u00farb\u00e9resekt\u0151l v\u00e1s\u00e1rolt\u00e1k, az \u0151 erd\u0151ikb\u0151l (t\u00f6lgy- \u00e9s b\u00fckkf\u00e1t, ritk\u00e1bban gyerty\u00e1n-\u00f6lf\u00e1t vettek).<\/li>\n<li>Ezut\u00e1n elegend\u0151 k\u00f6vet \u00e9s faanyagot sz\u00e1ll\u00edtottak arra a helyre, ahol a kemenc\u00e9t akart\u00e1k meg\u00e9p\u00edteni.<\/li>\n<li>A kemenc\u00e9t a k\u0151zet kib\u00e1ny\u00e1sz\u00e1sa \u00e9s a t\u00f6bbi nyersanyag-lel\u0151hely k\u00f6zel\u00e9ben \u00e1ll\u00edtott\u00e1k fel. A kiv\u00e1lasztott helyet illet\u0151en tov\u00e1bbi k\u00f6vetelm\u00e9nyek voltak: mocsaras ter\u00fclet, sz\u00e9lmentes hely. A kiv\u00e1lasztott hely k\u00f6zep\u00e9n vasrudat vertek a f\u00f6ldbe, hozz\u00e1 k\u00f6t\u00f6ttek egy k\u00f6telet, amellyel mint k\u00f6rz\u0151vel, kijel\u00f6lt\u00e9k k\u00f6rben a kemence\u00e9p\u00edt\u00e9s hely\u00e9t (ez t\u00f6bbnyire egy 4 \u2013 5 m \u00e1tm\u00e9r\u0151j\u0171 k\u00f6r volt, de kisebb, legkevesebb 2 m \u00e1tm\u00e9r\u0151j\u0171 k\u00f6r\u00f6k, ill. kemenc\u00e9k is voltak). M\u00edg m\u00e1s helyeken a kemenc\u00e9t lejt\u0151n, hegyoldalban \u00e9p\u00edtett\u00e9k, itt Debr\u0151d\u00f6n ez s\u00edk ter\u00fcleten t\u00f6rt\u00e9nt. El\u0151sz\u00f6r a ki\u00e1sott f\u00f6ldb\u0151l egy alacsony rak\u00e1st (falat) raktak, ez volt a \u201emurik\u201c, amelyet egy deszkadarabbal kem\u00e9nyre d\u00f6ng\u00f6ltek. A ki\u00e1sott g\u00f6d\u00f6r m\u00e9lys\u00e9ge 1,5 \u2013 2 m volt. A g\u00f6d\u00f6r alj\u00e1n egy f\u0171t\u00e9shez sz\u00fcks\u00e9ges ny\u00edl\u00e1st v\u00e1gtak, egy 20 \u2013 30 cm magas \u00e9g\u00e9si teret, s r\u00e1helyezt\u00e9k az \u00e9get\u00e9shez sz\u00fcks\u00e9ges faanyagot. Erre tett\u00e9k a m\u00e9szk\u0151 els\u0151 r\u00e9teg\u00e9t. Ezut\u00e1n rakt\u00e1k mag\u00e1t a kemenc\u00e9t, melynek f\u00f6ld feletti r\u00e9sze kupola alak\u00fa volt. A kemenc\u00e9t t\u00f6bbnyire n\u00e9gy ember kezdte rakni, azt\u00e1n ahogyan keskenyedett, az \u00e9p\u00edt\u0151k sz\u00e1ma is cs\u00f6kkent. V\u00e9g\u00fcl a fels\u0151 r\u00e9szt m\u00e1r csak egy ember rakta, aki a befejez\u00e9s el\u0151tt kim\u00e1szott bel\u0151le. Az \u00e9p\u00edtm\u00e9nyt kintr\u0151l fejezt\u00e9k be \u00e9kkel \u2013 \u00fagy, hogy a boltozata szil\u00e1rd legyen (az \u00e9g\u00e9si t\u00e9r is bolt\u00edves volt). A kemence tetej\u00e9nek befed\u00e9s\u00e9re egy lapos k\u0151 szolg\u00e1lt (verty\u00e1k vagy kic\u00e1). A kemence falait azt\u00e1n az asszonyok nedves f\u00f6lddel kent\u00e9k ki, melyet alaposan led\u00f6ng\u00f6ltek. A kemence fal\u00e1ban nem lehetett egyetlen reped\u00e9s sem! Miut\u00e1n a kemenc\u00e9t megt\u00f6lt\u00f6tt\u00e9k m\u00e9szk\u0151vel, megitt\u00e1k az \u00e1ldom\u00e1st. A kemencerak\u00e1s \u00e1ltal\u00e1ban h\u00e9tf\u0151t\u0151l cs\u00fct\u00f6rt\u00f6kig tartott. Egy gyakorlott m\u00e9sz\u00e9get\u0151 \u00e9vente kb. 20 kemenc\u00e9t \u00e9p\u00edtett.<\/li>\n<li>A kemenc\u00e9t cs\u00fct\u00f6rt\u00f6k este, vagy p\u00e9nteken reggel gy\u00fajtott\u00e1k be \u00e9s vas\u00e1rnapra a m\u00e9sz \u00e9get\u00e9se be is fejez\u0151d\u00f6tt. Egy \u00e1tlagos kemenc\u00e9ben 90 \u2013 120 q, a kisebb kemenc\u00e9ben 60 \u2013 70 q ki\u00e9getett m\u00e9sz volt. Az \u00e9get\u00e9s sor\u00e1n fontos volt az egyenletes t\u00fczel\u00e9s, ugyanis \u00edgy a j\u00f3l ki\u00e9getett m\u00e9sz teljesen megolvadt, s ez\u00e9rt nem maradt benne k\u0151t\u00f6rmel\u00e9k. A v\u00e9gterm\u00e9k a vajszer\u0171, feh\u00e9r anyag \u2013 a m\u00e9sz volt.<\/li>\n<li>Az utols\u00f3 el\u0151tti f\u00e1zis a kemence sz\u00e9tszed\u00e9se volt.<\/li>\n<li>A m\u00e9szkemenc\u00e9n\u00e9l a meszet hord\u00f3kba rakva m\u00e9rt\u00e9k. Egy szek\u00e9rre \u00e1ltal\u00e1ban 10 hord\u00f3 m\u00e9sz f\u00e9rt fel, ami 10 \u2013 12 m\u00e1zs\u00e1nak felelt meg. A m\u00e9sz\u00e1rus\u00edt\u00e1s\u00e1ban szinte az eg\u00e9sz falu r\u00e9szt vett. N\u00e9h\u00e1ny k\u00f6zelebbi- \u00e9s t\u00e1volabbi k\u00f6zs\u00e9g a m\u00e9sz \u00e1lland\u00f3 \u00e1tvev\u0151je volt, de a vev\u0151t t\u00f6bbnyire keresni kellett. A neh\u00e9z id\u0151kben nemcsak a fogattal rendelkez\u0151 gazd\u00e1k j\u00e1rtak el faluzni a m\u00e9sszel, de gyalogosan is hordtak meszet. A Debr\u0151d monogr\u00e1fi\u00e1j\u00e1t meg\u00edr\u00f3 G\u00f6rcs\u00f6s Mih\u00e1lynak err\u0151l a 72 \u00e9ves Ferencz K\u00e1rolyn\u00e9, sz. Moln\u00e1r Anna \u00edgy vallott: \u201eFijatal j\u00e1ny koromba ketten-h\u00e1rman \u00f6ssze\u00e1lltunk \u00e9s h\u00e1ton hordtuk a meszet eladni. H\u00e1romnegyed\u00f6t bek\u00f6t\u00f6tt\u00fcnk a tr\u00f3tuba \u00e9s vitt\u00fck a m\u00e1sik faluba. Mez\u00e9tl\u00e1b j\u00e1rtunk, mer szeg\u00e9nys\u00e9g v\u00f3t.\u201d Ez a meg\u00e1llap\u00edt\u00e1s az els\u0151 vil\u00e1gh\u00e1bor\u00fara \u00e9s az ut\u00e1na k\u00f6vetkez\u0151 \u00e9vekre vonatkozik.<\/li>\n<\/ol>\n<p><strong>A meszet eleinte nagyobb r\u00e9szt a templomok \u00e9s m\u00e1s egyh\u00e1zi l\u00e9tes\u00edtm\u00e9nyek \u00e9p\u00edt\u00e9s\u00e9n\u00e9l haszn\u00e1lt\u00e1k.\u00a0 Ezen a vid\u00e9ken a v\u00e1lyogh\u00e1zakat csak a m\u00e1sodik vil\u00e1gh\u00e1bor\u00fat k\u00f6vet\u0151 \u00e9vtizedekben kezdt\u00e9k felv\u00e1ltani a t\u00e9glah\u00e1zak. Ezekhez m\u00e1r igen sok m\u00e9szre volt sz\u00fcks\u00e9g. Nem v\u00e9letlen ez\u00e9rt, hogy a debr\u0151di n\u00e9pi m\u00e9sz\u00e9get\u00e9s utols\u00f3 f\u00e9nykora is erre az id\u0151szakra esett.\u00a0<\/strong><\/p>\n<p><strong>Papp Anna polg\u00e1rmester kezdem\u00e9nyez\u00e9s\u00e9re az \u00f6nkorm\u00e1nyzat 1987-ben \u00e9s 2000-ben \u201eM\u00e9sz\u00e9get\u00e9si \u00fcnneps\u00e9get\u201d szervezett, azzal a nem titkolt sz\u00e1nd\u00e9kkal, hogy a m\u00e9sz\u00e9get\u00e9s r\u00e9gi hagyom\u00e1nyainak \u00e1t\u00f6r\u00f6k\u00edt\u00e9se a falusi turizmus egyik l\u00e1tv\u00e1nyoss\u00e1ga lehetne a j\u00f6v\u0151ben.<\/strong><\/p>\n","protected":false},"excerpt":{"rendered":"<p>A f\u00f6ld mindig csak neh\u00e9z munka \u00e1r\u00e1n adta cser\u00e9be term\u00e9nyeit. Ezt a debr\u0151di f\u00f6ldm\u0171vel\u0151k is tapasztalt\u00e1k \u00e9s tudj\u00e1k ma is. A mi falunk hat\u00e1ra viszont olyan term\u00e9szeti kincsekkel is b\u00edr, ami a k\u00f6rny\u00e9kbeli telep\u00fcl\u00e9seken nincs. \u00c9s ez nem m\u00e1s, mint a j\u00f3 min\u0151s\u00e9g\u0171 m\u00e9szk\u0151. Nos, f\u00f6ldm\u0171vel\u0151 \u0151seink \u00e9ltek is annak a lehet\u0151s\u00e9g\u00e9vel, hogy a meg\u00e9lhet\u0151s\u00e9g\u00fcket ennek a kincsnek a kiakn\u00e1z\u00e1s\u00e1val jav\u00edts\u00e1k. A j\u00e1sz\u00f3i kolostor sz\u00e1m\u00e1ra m\u00e1r a 13. sz\u00e1zadban is \u00e9gettek itt meszet, de aff\u00e9le f\u0151mesters\u00e9gg\u00e9 csak a 19. sz\u00e1zadban v\u00e1lt, ami a 20. sz\u00e1zad \u00f6tvenes \u00e9veiig tartott. A m\u00e9sz\u00e9get\u0151k a kis-\u00e9s k\u00f6z\u00e9pbirtokos gazd\u00e1k k\u00f6z\u00fcl ker\u00fclt ki. A Bak\u00f3c-v\u00f6lgyben, a Szt. L\u00e1szl\u00f3-forr\u00e1s melletti tiszt\u00e1son \u00e9gett\u00e9k a meszet &#8211; itt nagyon j\u00f3 min\u0151s\u00e9g\u0171 volt, valamint azEreszv\u00e9nyalja nev\u0171 erd\u0151 mellett, ahol viszont m\u00e1r kev\u00e9sb\u00e9. A m\u00e9sz\u00e9get\u00e9s technol\u00f3gi\u00e1ja t\u00f6bb folyamatb\u00f3l tev\u0151d\u00f6tt \u00f6ssze. A m\u00e9sz kib\u00e1ny\u00e1sz\u00e1sa l\u00e9nyeg\u00e9ben probl\u00e9mamentes volt, mivel puha k\u0151zetr\u0151l van sz\u00f3. Az \u00e9get\u00e9shez sz\u00fcks\u00e9ges f\u00e1t az \u00farb\u00e9resekt\u0151l v\u00e1s\u00e1rolt\u00e1k, az \u0151 erd\u0151ikb\u0151l (t\u00f6lgy- \u00e9s b\u00fckkf\u00e1t, ritk\u00e1bban gyerty\u00e1n-\u00f6lf\u00e1t vettek). Ezut\u00e1n elegend\u0151 k\u00f6vet \u00e9s faanyagot sz\u00e1ll\u00edtottak arra a helyre, ahol a kemenc\u00e9t akart\u00e1k meg\u00e9p\u00edteni. A kemenc\u00e9t a k\u0151zet kib\u00e1ny\u00e1sz\u00e1sa \u00e9s a t\u00f6bbi nyersanyag-lel\u0151hely k\u00f6zel\u00e9ben \u00e1ll\u00edtott\u00e1k fel. A kiv\u00e1lasztott helyet illet\u0151en tov\u00e1bbi k\u00f6vetelm\u00e9nyek voltak: mocsaras ter\u00fclet, sz\u00e9lmentes hely. A kiv\u00e1lasztott hely k\u00f6zep\u00e9n vasrudat vertek a f\u00f6ldbe, hozz\u00e1 k\u00f6t\u00f6ttek egy k\u00f6telet, amellyel mint k\u00f6rz\u0151vel, kijel\u00f6lt\u00e9k k\u00f6rben a kemence\u00e9p\u00edt\u00e9s hely\u00e9t (ez t\u00f6bbnyire egy 4 \u2013 5 m \u00e1tm\u00e9r\u0151j\u0171 k\u00f6r volt, de kisebb, legkevesebb 2 m \u00e1tm\u00e9r\u0151j\u0171 k\u00f6r\u00f6k, ill. kemenc\u00e9k is voltak). M\u00edg m\u00e1s helyeken a kemenc\u00e9t lejt\u0151n, hegyoldalban \u00e9p\u00edtett\u00e9k, itt Debr\u0151d\u00f6n ez s\u00edk ter\u00fcleten t\u00f6rt\u00e9nt. El\u0151sz\u00f6r a ki\u00e1sott f\u00f6ldb\u0151l egy alacsony rak\u00e1st (falat) raktak, ez volt a \u201emurik\u201c, amelyet egy deszkadarabbal kem\u00e9nyre d\u00f6ng\u00f6ltek. A ki\u00e1sott g\u00f6d\u00f6r m\u00e9lys\u00e9ge 1,5 \u2013 2 m volt. A g\u00f6d\u00f6r alj\u00e1n egy f\u0171t\u00e9shez sz\u00fcks\u00e9ges ny\u00edl\u00e1st v\u00e1gtak, egy 20 \u2013 30 cm magas \u00e9g\u00e9si teret, s r\u00e1helyezt\u00e9k az \u00e9get\u00e9shez sz\u00fcks\u00e9ges faanyagot. Erre tett\u00e9k a m\u00e9szk\u0151 els\u0151 r\u00e9teg\u00e9t. Ezut\u00e1n rakt\u00e1k mag\u00e1t a kemenc\u00e9t, melynek f\u00f6ld feletti r\u00e9sze kupola alak\u00fa volt. A kemenc\u00e9t t\u00f6bbnyire n\u00e9gy ember kezdte rakni, azt\u00e1n ahogyan keskenyedett, az \u00e9p\u00edt\u0151k sz\u00e1ma is cs\u00f6kkent. V\u00e9g\u00fcl a fels\u0151 r\u00e9szt m\u00e1r csak egy ember rakta, aki a befejez\u00e9s el\u0151tt kim\u00e1szott bel\u0151le. Az \u00e9p\u00edtm\u00e9nyt kintr\u0151l fejezt\u00e9k be \u00e9kkel \u2013 \u00fagy, hogy a boltozata szil\u00e1rd legyen (az \u00e9g\u00e9si t\u00e9r is bolt\u00edves volt). A kemence tetej\u00e9nek befed\u00e9s\u00e9re egy lapos k\u0151 szolg\u00e1lt (verty\u00e1k vagy kic\u00e1). A kemence falait azt\u00e1n az asszonyok nedves f\u00f6lddel kent\u00e9k ki, melyet alaposan led\u00f6ng\u00f6ltek. A kemence fal\u00e1ban nem lehetett egyetlen reped\u00e9s sem! Miut\u00e1n a kemenc\u00e9t megt\u00f6lt\u00f6tt\u00e9k m\u00e9szk\u0151vel, megitt\u00e1k az \u00e1ldom\u00e1st. A kemencerak\u00e1s \u00e1ltal\u00e1ban h\u00e9tf\u0151t\u0151l cs\u00fct\u00f6rt\u00f6kig tartott. Egy gyakorlott m\u00e9sz\u00e9get\u0151 \u00e9vente kb. 20 kemenc\u00e9t \u00e9p\u00edtett. A kemenc\u00e9t cs\u00fct\u00f6rt\u00f6k este, vagy p\u00e9nteken reggel gy\u00fajtott\u00e1k be \u00e9s vas\u00e1rnapra a m\u00e9sz \u00e9get\u00e9se be is fejez\u0151d\u00f6tt. Egy \u00e1tlagos kemenc\u00e9ben 90 \u2013 120 q, a kisebb kemenc\u00e9ben 60 \u2013 70 q ki\u00e9getett m\u00e9sz volt. Az \u00e9get\u00e9s sor\u00e1n fontos volt az egyenletes t\u00fczel\u00e9s, ugyanis \u00edgy a j\u00f3l ki\u00e9getett m\u00e9sz teljesen megolvadt, s ez\u00e9rt nem maradt benne k\u0151t\u00f6rmel\u00e9k. A v\u00e9gterm\u00e9k a vajszer\u0171, feh\u00e9r anyag \u2013 a m\u00e9sz volt. Az utols\u00f3 el\u0151tti f\u00e1zis a kemence sz\u00e9tszed\u00e9se volt. A m\u00e9szkemenc\u00e9n\u00e9l a meszet hord\u00f3kba rakva m\u00e9rt\u00e9k. Egy szek\u00e9rre \u00e1ltal\u00e1ban 10 hord\u00f3 m\u00e9sz f\u00e9rt fel, ami 10 \u2013 12 m\u00e1zs\u00e1nak felelt meg. A m\u00e9sz\u00e1rus\u00edt\u00e1s\u00e1ban szinte az eg\u00e9sz falu r\u00e9szt vett. N\u00e9h\u00e1ny k\u00f6zelebbi- \u00e9s t\u00e1volabbi k\u00f6zs\u00e9g a m\u00e9sz \u00e1lland\u00f3 \u00e1tvev\u0151je volt, de a vev\u0151t t\u00f6bbnyire keresni kellett. A neh\u00e9z id\u0151kben nemcsak a fogattal rendelkez\u0151 gazd\u00e1k j\u00e1rtak el faluzni a m\u00e9sszel, de gyalogosan is hordtak meszet. A Debr\u0151d monogr\u00e1fi\u00e1j\u00e1t meg\u00edr\u00f3 G\u00f6rcs\u00f6s Mih\u00e1lynak err\u0151l a 72 \u00e9ves Ferencz K\u00e1rolyn\u00e9, sz. Moln\u00e1r Anna \u00edgy vallott: \u201eFijatal j\u00e1ny koromba ketten-h\u00e1rman \u00f6ssze\u00e1lltunk \u00e9s h\u00e1ton hordtuk a meszet eladni. H\u00e1romnegyed\u00f6t bek\u00f6t\u00f6tt\u00fcnk a tr\u00f3tuba \u00e9s vitt\u00fck a m\u00e1sik faluba. Mez\u00e9tl\u00e1b j\u00e1rtunk, mer szeg\u00e9nys\u00e9g v\u00f3t.\u201d Ez a meg\u00e1llap\u00edt\u00e1s az els\u0151 vil\u00e1gh\u00e1bor\u00fara \u00e9s az ut\u00e1na k\u00f6vetkez\u0151 \u00e9vekre vonatkozik. A meszet eleinte nagyobb r\u00e9szt a templomok \u00e9s m\u00e1s egyh\u00e1zi l\u00e9tes\u00edtm\u00e9nyek \u00e9p\u00edt\u00e9s\u00e9n\u00e9l haszn\u00e1lt\u00e1k.\u00a0 Ezen a vid\u00e9ken a v\u00e1lyogh\u00e1zakat csak a m\u00e1sodik vil\u00e1gh\u00e1bor\u00fat k\u00f6vet\u0151 \u00e9vtizedekben kezdt\u00e9k felv\u00e1ltani a t\u00e9glah\u00e1zak. Ezekhez m\u00e1r igen sok m\u00e9szre volt sz\u00fcks\u00e9g. Nem v\u00e9letlen ez\u00e9rt, hogy a debr\u0151di n\u00e9pi m\u00e9sz\u00e9get\u00e9s utols\u00f3 f\u00e9nykora is erre az id\u0151szakra esett.\u00a0 Papp Anna polg\u00e1rmester kezdem\u00e9nyez\u00e9s\u00e9re az \u00f6nkorm\u00e1nyzat 1987-ben \u00e9s 2000-ben \u201eM\u00e9sz\u00e9get\u00e9si \u00fcnneps\u00e9get\u201d szervezett, azzal a nem titkolt sz\u00e1nd\u00e9kkal, hogy a m\u00e9sz\u00e9get\u00e9s r\u00e9gi hagyom\u00e1nyainak \u00e1t\u00f6r\u00f6k\u00edt\u00e9se a falusi turizmus egyik l\u00e1tv\u00e1nyoss\u00e1ga lehetne a j\u00f6v\u0151ben.<\/p>\n","protected":false},"author":1,"featured_media":0,"parent":21331,"menu_order":0,"comment_status":"open","ping_status":"open","template":"","meta":{"footnotes":""},"acf":[],"_links":{"self":[{"href":"https:\/\/debrad.sk\/hu\/wp-json\/wp\/v2\/pages\/21335"}],"collection":[{"href":"https:\/\/debrad.sk\/hu\/wp-json\/wp\/v2\/pages"}],"about":[{"href":"https:\/\/debrad.sk\/hu\/wp-json\/wp\/v2\/types\/page"}],"author":[{"embeddable":true,"href":"https:\/\/debrad.sk\/hu\/wp-json\/wp\/v2\/users\/1"}],"replies":[{"embeddable":true,"href":"https:\/\/debrad.sk\/hu\/wp-json\/wp\/v2\/comments?post=21335"}],"version-history":[{"count":0,"href":"https:\/\/debrad.sk\/hu\/wp-json\/wp\/v2\/pages\/21335\/revisions"}],"up":[{"embeddable":true,"href":"https:\/\/debrad.sk\/hu\/wp-json\/wp\/v2\/pages\/21331"}],"wp:attachment":[{"href":"https:\/\/debrad.sk\/hu\/wp-json\/wp\/v2\/media?parent=21335"}],"curies":[{"name":"wp","href":"https:\/\/api.w.org\/{rel}","templated":true}]}}