{"id":21368,"date":"2015-02-03T12:07:07","date_gmt":"2015-02-03T11:07:07","guid":{"rendered":"http:\/\/debrad.sk\/?page_id=21368"},"modified":"2017-11-17T17:30:47","modified_gmt":"2017-11-17T16:30:47","slug":"elerhetoseg","status":"publish","type":"page","link":"https:\/\/debrad.sk\/hu\/elerhetoseg\/","title":{"rendered":"El\u00e9rhet\u0151s\u00e9g"},"content":{"rendered":"<ul class='gdl-accordion'>\n<li class=\"active\">\n<h2 class='accordion-title'><span class='accordion-icon'><\/span>K\u00f6zs\u00e9gi hivatal<\/h2>\n<div class='accordion-content'>Debra\u010f \/Debr\u0151d\/ 147<br \/>\n045 01<br \/>\nSR \/Slovakia\/<\/p>\n<p>Tel. \/ fax: +421 (0) 55 466 4426<br \/>\ne-mail: <a href=\"mailto:adrianna.gergely.papp@debrad.sk\">adrianna.gergely.papp@debrad.sk<\/a><\/p>\n<p><iframe loading=\"lazy\" style=\"border: 0;\" src=\"https:\/\/www.google.com\/maps\/embed?pb=!1m18!1m12!1m3!1d21086.952677917492!2d20.984399011703342!3d48.65061960976096!2m3!1f0!2f0!3f0!3m2!1i1024!2i768!4f13.1!3m3!1m2!1s0x473f1b51668bc4bf%3A0x400f7d1c6974580!2s045+01+Debra%C4%8F!5e0!3m2!1ssk!2ssk!4v1423738152622\" width=\"100%\" height=\"400\" frameborder=\"0\"><\/iframe>\n<\/div>\n<\/li>\n<\/ul>\n","protected":false},"excerpt":{"rendered":"","protected":false},"author":1,"featured_media":0,"parent":0,"menu_order":0,"comment_status":"open","ping_status":"open","template":"","meta":{"footnotes":""},"acf":[],"_links":{"self":[{"href":"https:\/\/debrad.sk\/hu\/wp-json\/wp\/v2\/pages\/21368"}],"collection":[{"href":"https:\/\/debrad.sk\/hu\/wp-json\/wp\/v2\/pages"}],"about":[{"href":"https:\/\/debrad.sk\/hu\/wp-json\/wp\/v2\/types\/page"}],"author":[{"embeddable":true,"href":"https:\/\/debrad.sk\/hu\/wp-json\/wp\/v2\/users\/1"}],"replies":[{"embeddable":true,"href":"https:\/\/debrad.sk\/hu\/wp-json\/wp\/v2\/comments?post=21368"}],"version-history":[{"count":2,"href":"https:\/\/debrad.sk\/hu\/wp-json\/wp\/v2\/pages\/21368\/revisions"}],"predecessor-version":[{"id":22117,"href":"https:\/\/debrad.sk\/hu\/wp-json\/wp\/v2\/pages\/21368\/revisions\/22117"}],"wp:attachment":[{"href":"https:\/\/debrad.sk\/hu\/wp-json\/wp\/v2\/media?parent=21368"}],"curies":[{"name":"wp","href":"https:\/\/api.w.org\/{rel}","templated":true}]}}