{"id":21466,"date":"2015-02-04T13:11:55","date_gmt":"2015-02-04T12:11:55","guid":{"rendered":"http:\/\/debrad.sk\/?page_id=21466"},"modified":"2015-06-12T12:25:10","modified_gmt":"2015-06-12T10:25:10","slug":"polgarmester-koszonto","status":"publish","type":"page","link":"https:\/\/debrad.sk\/hu\/polgarmester-koszonto\/","title":{"rendered":"Polg\u00e1rmester k\u00f6sz\u00f6nt\u0151"},"content":{"rendered":"<div style=\"float: left; margin-right: 20px;\"><img loading=\"lazy\" decoding=\"async\" class=\"alignnone size-full wp-image-21467\" src=\"http:\/\/s3-eu-central-1.amazonaws.com\/wp-debrad\/wp-content\/uploads\/2015\/06\/06195536\/gergely-papp-adrianna.png\" alt=\"papp_adrien\" width=\"104\" height=\"156\" \/><\/div>\n<p style=\"text-align: justify;\">Tizenn\u00e9gy \u00e9ves koromt\u00f3l kezdve a tanulm\u00e1nyaim, k\u00e9s\u0151bb a munk\u00e1m elsz\u00f3l\u00edtottak Debr\u0151dr\u0151l, de sz\u00fcleimnek \u00e9s bar\u00e1taimnak k\u00f6sz\u00f6nhet\u0151en siker\u00fclt a t\u00e1vols\u00e1g ellen\u00e9re is szoros kapcsolatot fenntartanom a sz\u00fcl\u0151f\u00f6ldemmel.<\/p>\n<p style=\"text-align: justify;\">Csak n\u00e9h\u00e1ny \u00e9ve -miut\u00e1n a f\u00e9l vil\u00e1got bej\u00e1rtam, \u00e9s 11 \u00e9vig Londonban \u00e9ltem- tudatosult bennem, hogy eg\u00e9sz \u00e9letemben minden, ami boldogg\u00e1 tett, \u00e9s \u00f6r\u00f6m\u00f6t szerzett sz\u00e1momra, a gyermekkoromra, \u00e9s az otthonomra, Debr\u0151dre eml\u00e9keztetett.<br \/>\n\u00cdgy haza t\u00e9rtem.<\/p>\n<p style=\"text-align: justify;\">\u00c9s az\u00f3ta is minden perc, amit e gy\u00f6ny\u00f6r\u0171 t\u00e1jon s\u00e9t\u00e1lgatva t\u00f6lt\u00f6k el, egy \u00fajabb csoda, egy \u00fajabb felfedez\u00e9s. Szent L\u00e1szl\u00f3 kir\u00e1lyunk sem v\u00e9letlen\u00fcl foh\u00e1szkodott itt a Mindenhat\u00f3hoz, \u00e9s l\u00e9pteit k\u00f6vetve tal\u00e1n egyszer arra is f\u00e9ny der\u00fcl, hogy mi\u00e9rt \u00e9ppen e helyen k\u00e1pr\u00e1ztatt\u00e1k el a k\u00f6rny\u00e9kbelieket a M\u00e1ria-jelen\u00e9sek.<\/p>\n<p style=\"text-align: justify;\">J\u00f6jj\u00f6n el Debr\u0151dre, hogy egy\u00fctt eredhess\u00fcnk a csod\u00e1k \u00e9s titkok nyom\u00e1ba.<\/p>\n<div align=\"right\">\n<p><em>Mgr. Gergely Papp Adrianna\u00a0Debr\u0151d polg\u00e1rmestere<\/em><\/p>\n<\/div>\n","protected":false},"excerpt":{"rendered":"<p>Tizenn\u00e9gy \u00e9ves koromt\u00f3l kezdve a tanulm\u00e1nyaim, k\u00e9s\u0151bb a munk\u00e1m elsz\u00f3l\u00edtottak Debr\u0151dr\u0151l, de sz\u00fcleimnek \u00e9s bar\u00e1taimnak k\u00f6sz\u00f6nhet\u0151en siker\u00fclt a t\u00e1vols\u00e1g ellen\u00e9re is szoros kapcsolatot fenntartanom a sz\u00fcl\u0151f\u00f6ldemmel. Csak n\u00e9h\u00e1ny \u00e9ve -miut\u00e1n a f\u00e9l vil\u00e1got bej\u00e1rtam, \u00e9s 11 \u00e9vig Londonban \u00e9ltem- tudatosult bennem, hogy eg\u00e9sz \u00e9letemben minden, ami boldogg\u00e1 tett, \u00e9s \u00f6r\u00f6m\u00f6t szerzett sz\u00e1momra, a gyermekkoromra, \u00e9s az otthonomra, Debr\u0151dre eml\u00e9keztetett. \u00cdgy haza t\u00e9rtem. \u00c9s az\u00f3ta is minden perc, amit e gy\u00f6ny\u00f6r\u0171 t\u00e1jon s\u00e9t\u00e1lgatva t\u00f6lt\u00f6k el, egy \u00fajabb csoda, egy \u00fajabb felfedez\u00e9s. Szent L\u00e1szl\u00f3 kir\u00e1lyunk sem v\u00e9letlen\u00fcl foh\u00e1szkodott itt a Mindenhat\u00f3hoz, \u00e9s l\u00e9pteit k\u00f6vetve tal\u00e1n egyszer arra is f\u00e9ny der\u00fcl, hogy mi\u00e9rt \u00e9ppen e helyen k\u00e1pr\u00e1ztatt\u00e1k el a k\u00f6rny\u00e9kbelieket a M\u00e1ria-jelen\u00e9sek. J\u00f6jj\u00f6n el Debr\u0151dre, hogy egy\u00fctt eredhess\u00fcnk a csod\u00e1k \u00e9s titkok nyom\u00e1ba. Mgr. Gergely Papp Adrianna\u00a0Debr\u0151d polg\u00e1rmestere<\/p>\n","protected":false},"author":1,"featured_media":0,"parent":0,"menu_order":0,"comment_status":"open","ping_status":"open","template":"","meta":{"footnotes":""},"acf":[],"_links":{"self":[{"href":"https:\/\/debrad.sk\/hu\/wp-json\/wp\/v2\/pages\/21466"}],"collection":[{"href":"https:\/\/debrad.sk\/hu\/wp-json\/wp\/v2\/pages"}],"about":[{"href":"https:\/\/debrad.sk\/hu\/wp-json\/wp\/v2\/types\/page"}],"author":[{"embeddable":true,"href":"https:\/\/debrad.sk\/hu\/wp-json\/wp\/v2\/users\/1"}],"replies":[{"embeddable":true,"href":"https:\/\/debrad.sk\/hu\/wp-json\/wp\/v2\/comments?post=21466"}],"version-history":[{"count":1,"href":"https:\/\/debrad.sk\/hu\/wp-json\/wp\/v2\/pages\/21466\/revisions"}],"predecessor-version":[{"id":21468,"href":"https:\/\/debrad.sk\/hu\/wp-json\/wp\/v2\/pages\/21466\/revisions\/21468"}],"wp:attachment":[{"href":"https:\/\/debrad.sk\/hu\/wp-json\/wp\/v2\/media?parent=21466"}],"curies":[{"name":"wp","href":"https:\/\/api.w.org\/{rel}","templated":true}]}}