{"id":23168,"date":"2020-04-19T16:44:06","date_gmt":"2020-04-19T14:44:06","guid":{"rendered":"http:\/\/debrad.sk\/?page_id=23168"},"modified":"2020-04-26T22:44:01","modified_gmt":"2020-04-26T20:44:01","slug":"videok","status":"publish","type":"page","link":"https:\/\/debrad.sk\/hu\/videok\/","title":{"rendered":"Vide\u00f3k"},"content":{"rendered":"\n<h4 class=\"wp-block-heading\">Debr\u0151di csoda ahol az \u00e9g meg\u00e9rinti a f\u00f6ldet<\/h4>\n\n\n\n<style>.embed-container { position: relative; padding-bottom: 56.25%; height: 0; overflow: hidden; max-width: 100%; } .embed-container iframe, .embed-container object, .embed-container embed { position: absolute; top: 0; left: 0; width: 100%; height: 100%; }<\/style><div class=\"embed-container\"><iframe src=\"https:\/\/www.youtube.com\/embed\/YAg6HC2Pwrc\" frameborder=\"0\" allowfullscreen=\"\"><\/iframe><\/div>\n\n\n\n<h4 class=\"wp-block-heading\">Debr\u0151di Szent L\u00e1szl\u00f3 B\u00facs\u00fa 2009<\/h4>\n\n\n\n<style>.embed-container { position: relative; padding-bottom: 56.25%; height: 0; overflow: hidden; max-width: 100%; } .embed-container iframe, .embed-container object, .embed-container embed { position: absolute; top: 0; left: 0; width: 100%; height: 100%; }<\/style><div class=\"embed-container\"><iframe src=\"https:\/\/www.youtube.com\/embed\/Rja-SF5PdHg\" frameborder=\"0\" allowfullscreen=\"\"><\/iframe><\/div>\n\n\n\n<h4 class=\"wp-block-heading\">Debr\u0151di Szent L\u00e1szl\u00f3 B\u00facs\u00fa 2007<\/h4>\n\n\n\n<style>.embed-container { position: relative; padding-bottom: 56.25%; height: 0; overflow: hidden; max-width: 100%; } .embed-container iframe, .embed-container object, .embed-container embed { position: absolute; top: 0; left: 0; width: 100%; height: 100%; }<\/style><div class=\"embed-container\"><iframe src=\"https:\/\/www.youtube.com\/embed\/D9aGRthcW-0\" frameborder=\"0\" allowfullscreen=\"\"><\/iframe><\/div>\n\n\n\n<h3 class=\"wp-block-heading\">Istv\u00e1n a kir\u00e1ly 2002<\/h3>\n\n\n\n<style>.embed-container { position: relative; padding-bottom: 56.25%; height: 0; overflow: hidden; max-width: 100%; } .embed-container iframe, .embed-container object, .embed-container embed { position: absolute; top: 0; left: 0; width: 100%; height: 100%; }<\/style><div class='embed-container'><iframe src='https:\/\/www.youtube.com\/embed\/\/LKjQpGdA13U' frameborder='0' allowfullscreen><\/iframe><\/div>\n\n\n\n<h3 class=\"wp-block-heading\">Falunapok Debr\u0151d 2002<\/h3>\n\n\n\n<style>.embed-container { position: relative; padding-bottom: 56.25%; height: 0; overflow: hidden; max-width: 100%; } .embed-container iframe, .embed-container object, .embed-container embed { position: absolute; top: 0; left: 0; width: 100%; height: 100%; }<\/style><div class='embed-container'><iframe src='https:\/\/www.youtube.com\/embed\/\/BC6qcMVRlqo' frameborder='0' allowfullscreen><\/iframe><\/div>\n\n\n\n<h4 class=\"wp-block-heading\">Debr\u0151di falunapok 2001<\/h4>\n\n\n\n<style>.embed-container { position: relative; padding-bottom: 56.25%; height: 0; overflow: hidden; max-width: 100%; } .embed-container iframe, .embed-container object, .embed-container embed { position: absolute; top: 0; left: 0; width: 100%; height: 100%; }<\/style><div class=\"embed-container\"><iframe src=\"https:\/\/www.youtube.com\/embed\/kJDRAzuksnM\" frameborder=\"0\" allowfullscreen=\"\"><\/iframe><\/div>\n\n\n\n<h4 class=\"wp-block-heading\">Debr\u0151di M\u00e9sz\u00e9get\u0151 Napok 2000<\/h4>\n\n\n\n<style>.embed-container { position: relative; padding-bottom: 56.25%; height: 0; overflow: hidden; max-width: 100%; } .embed-container iframe, .embed-container object, .embed-container embed { position: absolute; top: 0; left: 0; width: 100%; height: 100%; }<\/style><div class=\"embed-container\"><iframe src=\"https:\/\/www.youtube.com\/embed\/JB-QBRLFSKo\" frameborder=\"0\" allowfullscreen=\"\"><\/iframe><\/div>\n\n\n\n<h4 class=\"wp-block-heading\"><strong>Falunap Debr\u0151d 1998<\/strong><\/h4>\n\n\n\n<style>.embed-container { position: relative; padding-bottom: 56.25%; height: 0; overflow: hidden; max-width: 100%; } .embed-container iframe, .embed-container object, .embed-container embed { position: absolute; top: 0; left: 0; width: 100%; height: 100%; }<\/style><div class=\"embed-container\"><iframe src=\"https:\/\/www.youtube.com\/embed\/SOKNnd5ou1Q\" frameborder=\"0\" allowfullscreen=\"\"><\/iframe><\/div>\n","protected":false},"excerpt":{"rendered":"<p>Debr\u0151di csoda ahol az \u00e9g meg\u00e9rinti a f\u00f6ldet Debr\u0151di Szent L\u00e1szl\u00f3 B\u00facs\u00fa 2009 Debr\u0151di Szent L\u00e1szl\u00f3 B\u00facs\u00fa 2007 Istv\u00e1n a kir\u00e1ly 2002 Falunapok Debr\u0151d 2002 Debr\u0151di falunapok 2001 Debr\u0151di M\u00e9sz\u00e9get\u0151 Napok 2000 Falunap Debr\u0151d 1998<\/p>\n","protected":false},"author":294,"featured_media":0,"parent":0,"menu_order":0,"comment_status":"closed","ping_status":"closed","template":"","meta":{"footnotes":""},"acf":[],"_links":{"self":[{"href":"https:\/\/debrad.sk\/hu\/wp-json\/wp\/v2\/pages\/23168"}],"collection":[{"href":"https:\/\/debrad.sk\/hu\/wp-json\/wp\/v2\/pages"}],"about":[{"href":"https:\/\/debrad.sk\/hu\/wp-json\/wp\/v2\/types\/page"}],"author":[{"embeddable":true,"href":"https:\/\/debrad.sk\/hu\/wp-json\/wp\/v2\/users\/294"}],"replies":[{"embeddable":true,"href":"https:\/\/debrad.sk\/hu\/wp-json\/wp\/v2\/comments?post=23168"}],"version-history":[{"count":4,"href":"https:\/\/debrad.sk\/hu\/wp-json\/wp\/v2\/pages\/23168\/revisions"}],"predecessor-version":[{"id":23192,"href":"https:\/\/debrad.sk\/hu\/wp-json\/wp\/v2\/pages\/23168\/revisions\/23192"}],"wp:attachment":[{"href":"https:\/\/debrad.sk\/hu\/wp-json\/wp\/v2\/media?parent=23168"}],"curies":[{"name":"wp","href":"https:\/\/api.w.org\/{rel}","templated":true}]}}