{"id":24388,"date":"2023-01-23T16:42:56","date_gmt":"2023-01-23T15:42:56","guid":{"rendered":"https:\/\/debrad.sk\/?page_id=24388"},"modified":"2023-01-23T16:42:56","modified_gmt":"2023-01-23T15:42:56","slug":"utikalauz-debrod-es-kornyeke","status":"publish","type":"page","link":"https:\/\/debrad.sk\/hu\/a-kozseg-nevezetessegei\/utikalauz-debrod-es-kornyeke\/","title":{"rendered":"\u00datikalauz Debr\u0151d \u00e9s k\u00f6rny\u00e9ke"},"content":{"rendered":"<p class=\"gde-text\"><a href=\"https:\/\/s3-eu-central-1.amazonaws.com\/wp-debrad\/wp-content\/uploads\/2023\/01\/23164223\/UTIKALAUZ-Debrod-es-kornyeke.pdf\" class=\"gde-link\">Download (PDF, 1.87MB)<\/a><\/p>\n<iframe src=\"\/\/docs.google.com\/viewer?url=https%3A%2F%2Fs3-eu-central-1.amazonaws.com%2Fwp-debrad%2Fwp-content%2Fuploads%2F2023%2F01%2F23164223%2FUTIKALAUZ-Debrod-es-kornyeke.pdf&hl=hu&embedded=true\" class=\"gde-frame\" style=\"width:100%; height:600px; border: none;\" scrolling=\"no\"><\/iframe>\n","protected":false},"excerpt":{"rendered":"","protected":false},"author":294,"featured_media":0,"parent":21317,"menu_order":7,"comment_status":"closed","ping_status":"closed","template":"","meta":{"footnotes":""},"acf":[],"_links":{"self":[{"href":"https:\/\/debrad.sk\/hu\/wp-json\/wp\/v2\/pages\/24388"}],"collection":[{"href":"https:\/\/debrad.sk\/hu\/wp-json\/wp\/v2\/pages"}],"about":[{"href":"https:\/\/debrad.sk\/hu\/wp-json\/wp\/v2\/types\/page"}],"author":[{"embeddable":true,"href":"https:\/\/debrad.sk\/hu\/wp-json\/wp\/v2\/users\/294"}],"replies":[{"embeddable":true,"href":"https:\/\/debrad.sk\/hu\/wp-json\/wp\/v2\/comments?post=24388"}],"version-history":[{"count":1,"href":"https:\/\/debrad.sk\/hu\/wp-json\/wp\/v2\/pages\/24388\/revisions"}],"predecessor-version":[{"id":24392,"href":"https:\/\/debrad.sk\/hu\/wp-json\/wp\/v2\/pages\/24388\/revisions\/24392"}],"up":[{"embeddable":true,"href":"https:\/\/debrad.sk\/hu\/wp-json\/wp\/v2\/pages\/21317"}],"wp:attachment":[{"href":"https:\/\/debrad.sk\/hu\/wp-json\/wp\/v2\/media?parent=24388"}],"curies":[{"name":"wp","href":"https:\/\/api.w.org\/{rel}","templated":true}]}}